
{"id":9648,"date":"2023-06-01T12:13:49","date_gmt":"2023-06-01T04:13:49","guid":{"rendered":"http:\/\/75.webs.svipwebs.com\/?post_type=product&#038;p=9648"},"modified":"2023-06-01T12:13:49","modified_gmt":"2023-06-01T04:13:49","slug":"3-compartment-container-2","status":"publish","type":"product","link":"https:\/\/www.wellongpack.com\/es\/producto\/contenedor-de-3-compartimentos-2\/","title":{"rendered":"Contenedor de 3 compartimentos"},"content":{"rendered":"<p>Las cajas de bagazo compostables para comida para llevar est\u00e1n hechas de pulpa de ca\u00f1a de az\u00facar renovable moldeada en un material duradero similar al papel. Nuestras cajas de bagazo estilo almeja son resistentes a la grasa y la humedad, aptas para alimentos y totalmente compostables y biodegradables.<\/p>\n<p><img loading=\"lazy\" decoding=\"async\" class=\"alignnone size-full wp-image-9652\" src=\"https:\/\/www.wellongpack.com\/wp-content\/uploads\/2023\/06\/1-14.jpg\" alt=\"\" width=\"750\" height=\"750\" srcset=\"https:\/\/www.wellongpack.com\/wp-content\/uploads\/2023\/06\/1-14.jpg 750w, https:\/\/www.wellongpack.com\/wp-content\/uploads\/2023\/06\/1-14-430x430.jpg 430w, https:\/\/www.wellongpack.com\/wp-content\/uploads\/2023\/06\/1-14-150x150.jpg 150w, https:\/\/www.wellongpack.com\/wp-content\/uploads\/2023\/06\/1-14-700x700.jpg 700w, https:\/\/www.wellongpack.com\/wp-content\/uploads\/2023\/06\/1-14-300x300.jpg 300w\" sizes=\"auto, (max-width: 750px) 100vw, 750px\" \/> <img loading=\"lazy\" decoding=\"async\" class=\"alignnone size-full wp-image-9653\" src=\"https:\/\/www.wellongpack.com\/wp-content\/uploads\/2023\/06\/2-11.jpg\" alt=\"\" width=\"750\" height=\"750\" srcset=\"https:\/\/www.wellongpack.com\/wp-content\/uploads\/2023\/06\/2-11.jpg 750w, https:\/\/www.wellongpack.com\/wp-content\/uploads\/2023\/06\/2-11-430x430.jpg 430w, https:\/\/www.wellongpack.com\/wp-content\/uploads\/2023\/06\/2-11-150x150.jpg 150w, https:\/\/www.wellongpack.com\/wp-content\/uploads\/2023\/06\/2-11-700x700.jpg 700w, https:\/\/www.wellongpack.com\/wp-content\/uploads\/2023\/06\/2-11-300x300.jpg 300w\" sizes=\"auto, (max-width: 750px) 100vw, 750px\" \/> <img loading=\"lazy\" decoding=\"async\" class=\"alignnone size-full wp-image-9654\" src=\"https:\/\/www.wellongpack.com\/wp-content\/uploads\/2023\/06\/3-8.jpg\" alt=\"\" width=\"750\" height=\"750\" srcset=\"https:\/\/www.wellongpack.com\/wp-content\/uploads\/2023\/06\/3-8.jpg 750w, https:\/\/www.wellongpack.com\/wp-content\/uploads\/2023\/06\/3-8-430x430.jpg 430w, https:\/\/www.wellongpack.com\/wp-content\/uploads\/2023\/06\/3-8-150x150.jpg 150w, https:\/\/www.wellongpack.com\/wp-content\/uploads\/2023\/06\/3-8-700x700.jpg 700w, https:\/\/www.wellongpack.com\/wp-content\/uploads\/2023\/06\/3-8-300x300.jpg 300w\" sizes=\"auto, (max-width: 750px) 100vw, 750px\" \/><\/p>","protected":false},"excerpt":{"rendered":"<p>Bagasse compostable food takeout boxes are made from renewable sugarcane\u00a0pulp that\u00a0is molded into a durable paper-like material. Our clamshell style<\/p>","protected":false},"featured_media":9649,"comment_status":"open","ping_status":"closed","template":"","meta":[],"product_cat":[127,125,133,124],"product_tag":[],"class_list":["post-9648","product","type-product","status-publish","has-post-thumbnail","hentry","product_cat-bagasse-box-bagassesugarcane-products-sustainability-packaging","product_cat-bagassesugarcane-products-sustainability-packaging","product_cat-clamshell-box-bagasse-box-bagassesugarcane-products-sustainability-packaging","product_cat-sustainability-packaging"],"_links":{"self":[{"href":"https:\/\/www.wellongpack.com\/es\/wp-json\/wp\/v2\/product\/9648","targetHints":{"allow":["GET"]}}],"collection":[{"href":"https:\/\/www.wellongpack.com\/es\/wp-json\/wp\/v2\/product"}],"about":[{"href":"https:\/\/www.wellongpack.com\/es\/wp-json\/wp\/v2\/types\/product"}],"replies":[{"embeddable":true,"href":"https:\/\/www.wellongpack.com\/es\/wp-json\/wp\/v2\/comments?post=9648"}],"version-history":[{"count":1,"href":"https:\/\/www.wellongpack.com\/es\/wp-json\/wp\/v2\/product\/9648\/revisions"}],"predecessor-version":[{"id":9655,"href":"https:\/\/www.wellongpack.com\/es\/wp-json\/wp\/v2\/product\/9648\/revisions\/9655"}],"wp:featuredmedia":[{"embeddable":true,"href":"https:\/\/www.wellongpack.com\/es\/wp-json\/wp\/v2\/media\/9649"}],"wp:attachment":[{"href":"https:\/\/www.wellongpack.com\/es\/wp-json\/wp\/v2\/media?parent=9648"}],"wp:term":[{"taxonomy":"product_cat","embeddable":true,"href":"https:\/\/www.wellongpack.com\/es\/wp-json\/wp\/v2\/product_cat?post=9648"},{"taxonomy":"product_tag","embeddable":true,"href":"https:\/\/www.wellongpack.com\/es\/wp-json\/wp\/v2\/product_tag?post=9648"}],"curies":[{"name":"wp","href":"https:\/\/api.w.org\/{rel}","templated":true}]}}