
{"id":9350,"date":"2023-05-24T10:20:30","date_gmt":"2023-05-24T02:20:30","guid":{"rendered":"http:\/\/75.webs.svipwebs.com\/?post_type=product&#038;p=9350"},"modified":"2023-05-24T10:27:29","modified_gmt":"2023-05-24T02:27:29","slug":"microwave-bag","status":"publish","type":"product","link":"https:\/\/www.wellongpack.com\/es\/producto\/bolsa-para-microondas\/","title":{"rendered":"Bolsa para microondas"},"content":{"rendered":"","protected":false},"excerpt":{"rendered":"<p>Esta bolsa para pollo asado \/ comida caliente es un excelente complemento para cualquier tienda de comestibles, supermercado, cami\u00f3n de comida o restaurante. Util\u00edcela para pollo asado caliente y fresco, pavo, alitas, pollo frito, costillas y mucho m\u00e1s. Es f\u00e1cil introducir los alimentos calientes en la bolsa por la parte superior, y el cierre de cremallera resellable ayuda a conservar la humedad, la textura y la frescura.<\/p>","protected":false},"featured_media":9351,"comment_status":"open","ping_status":"closed","template":"","meta":[],"product_cat":[116],"product_tag":[],"class_list":["post-9350","product","type-product","status-publish","has-post-thumbnail","hentry","product_cat-microwave-bag"],"_links":{"self":[{"href":"https:\/\/www.wellongpack.com\/es\/wp-json\/wp\/v2\/product\/9350","targetHints":{"allow":["GET"]}}],"collection":[{"href":"https:\/\/www.wellongpack.com\/es\/wp-json\/wp\/v2\/product"}],"about":[{"href":"https:\/\/www.wellongpack.com\/es\/wp-json\/wp\/v2\/types\/product"}],"replies":[{"embeddable":true,"href":"https:\/\/www.wellongpack.com\/es\/wp-json\/wp\/v2\/comments?post=9350"}],"version-history":[{"count":1,"href":"https:\/\/www.wellongpack.com\/es\/wp-json\/wp\/v2\/product\/9350\/revisions"}],"predecessor-version":[{"id":9357,"href":"https:\/\/www.wellongpack.com\/es\/wp-json\/wp\/v2\/product\/9350\/revisions\/9357"}],"wp:featuredmedia":[{"embeddable":true,"href":"https:\/\/www.wellongpack.com\/es\/wp-json\/wp\/v2\/media\/9351"}],"wp:attachment":[{"href":"https:\/\/www.wellongpack.com\/es\/wp-json\/wp\/v2\/media?parent=9350"}],"wp:term":[{"taxonomy":"product_cat","embeddable":true,"href":"https:\/\/www.wellongpack.com\/es\/wp-json\/wp\/v2\/product_cat?post=9350"},{"taxonomy":"product_tag","embeddable":true,"href":"https:\/\/www.wellongpack.com\/es\/wp-json\/wp\/v2\/product_tag?post=9350"}],"curies":[{"name":"wp","href":"https:\/\/api.w.org\/{rel}","templated":true}]}}