
{"id":9152,"date":"2023-05-24T09:38:26","date_gmt":"2023-05-24T01:38:26","guid":{"rendered":"http:\/\/75.webs.svipwebs.com\/?post_type=product&#038;p=9152"},"modified":"2023-05-24T09:38:26","modified_gmt":"2023-05-24T01:38:26","slug":"fold-pak-paper-take-out-box","status":"publish","type":"product","link":"https:\/\/www.wellongpack.com\/es\/producto\/fold-pak-paper-take-out-box\/","title":{"rendered":"Caja de papel para llevar Fold-pak"},"content":{"rendered":"","protected":false},"excerpt":{"rendered":"<p>Este envase se utiliza popularmente en restaurantes chinos \/ asi\u00e1ticos, pero puede utilizarse para casi cualquier producto. Su envase resistente a las fugas y a la grasa mantiene frescos los alimentos calientes, fr\u00edos, h\u00famedos o secos.El eficiente dise\u00f1o de una sola pieza del envase mantiene la frescura reteniendo el calor y ventilando el vapor.<\/p>","protected":false},"featured_media":9153,"comment_status":"open","ping_status":"closed","template":"","meta":[],"product_cat":[106],"product_tag":[],"class_list":["post-9152","product","type-product","status-publish","has-post-thumbnail","hentry","product_cat-noodle-box"],"_links":{"self":[{"href":"https:\/\/www.wellongpack.com\/es\/wp-json\/wp\/v2\/product\/9152","targetHints":{"allow":["GET"]}}],"collection":[{"href":"https:\/\/www.wellongpack.com\/es\/wp-json\/wp\/v2\/product"}],"about":[{"href":"https:\/\/www.wellongpack.com\/es\/wp-json\/wp\/v2\/types\/product"}],"replies":[{"embeddable":true,"href":"https:\/\/www.wellongpack.com\/es\/wp-json\/wp\/v2\/comments?post=9152"}],"version-history":[{"count":1,"href":"https:\/\/www.wellongpack.com\/es\/wp-json\/wp\/v2\/product\/9152\/revisions"}],"predecessor-version":[{"id":9158,"href":"https:\/\/www.wellongpack.com\/es\/wp-json\/wp\/v2\/product\/9152\/revisions\/9158"}],"wp:featuredmedia":[{"embeddable":true,"href":"https:\/\/www.wellongpack.com\/es\/wp-json\/wp\/v2\/media\/9153"}],"wp:attachment":[{"href":"https:\/\/www.wellongpack.com\/es\/wp-json\/wp\/v2\/media?parent=9152"}],"wp:term":[{"taxonomy":"product_cat","embeddable":true,"href":"https:\/\/www.wellongpack.com\/es\/wp-json\/wp\/v2\/product_cat?post=9152"},{"taxonomy":"product_tag","embeddable":true,"href":"https:\/\/www.wellongpack.com\/es\/wp-json\/wp\/v2\/product_tag?post=9152"}],"curies":[{"name":"wp","href":"https:\/\/api.w.org\/{rel}","templated":true}]}}