
{"id":9122,"date":"2023-05-24T09:31:10","date_gmt":"2023-05-24T01:31:10","guid":{"rendered":"http:\/\/75.webs.svipwebs.com\/?post_type=product&#038;p=9122"},"modified":"2023-05-24T09:31:10","modified_gmt":"2023-05-24T01:31:10","slug":"lunch-box5","status":"publish","type":"product","link":"https:\/\/www.wellongpack.com\/es\/producto\/fiambrera5\/","title":{"rendered":"fiambrera5"},"content":{"rendered":"","protected":false},"excerpt":{"rendered":"<p>Este recipiente de comida para llevar incluye una base kraft, una tapa de pl\u00e1stico transparente y una banda de papel para mantenerlo todo unido. Es ideal para guardar sus ensaladas de salm\u00f3n, ensaladas del chef y ensaladas Cobb, o para guardar un envoltorio, s\u00e1ndwich u otro entrante fr\u00edo de primera calidad.<\/p>","protected":false},"featured_media":9123,"comment_status":"open","ping_status":"closed","template":"","meta":[],"product_cat":[105],"product_tag":[],"class_list":["post-9122","product","type-product","status-publish","has-post-thumbnail","hentry","product_cat-fast-food-box"],"_links":{"self":[{"href":"https:\/\/www.wellongpack.com\/es\/wp-json\/wp\/v2\/product\/9122","targetHints":{"allow":["GET"]}}],"collection":[{"href":"https:\/\/www.wellongpack.com\/es\/wp-json\/wp\/v2\/product"}],"about":[{"href":"https:\/\/www.wellongpack.com\/es\/wp-json\/wp\/v2\/types\/product"}],"replies":[{"embeddable":true,"href":"https:\/\/www.wellongpack.com\/es\/wp-json\/wp\/v2\/comments?post=9122"}],"version-history":[{"count":1,"href":"https:\/\/www.wellongpack.com\/es\/wp-json\/wp\/v2\/product\/9122\/revisions"}],"predecessor-version":[{"id":9126,"href":"https:\/\/www.wellongpack.com\/es\/wp-json\/wp\/v2\/product\/9122\/revisions\/9126"}],"wp:featuredmedia":[{"embeddable":true,"href":"https:\/\/www.wellongpack.com\/es\/wp-json\/wp\/v2\/media\/9123"}],"wp:attachment":[{"href":"https:\/\/www.wellongpack.com\/es\/wp-json\/wp\/v2\/media?parent=9122"}],"wp:term":[{"taxonomy":"product_cat","embeddable":true,"href":"https:\/\/www.wellongpack.com\/es\/wp-json\/wp\/v2\/product_cat?post=9122"},{"taxonomy":"product_tag","embeddable":true,"href":"https:\/\/www.wellongpack.com\/es\/wp-json\/wp\/v2\/product_tag?post=9122"}],"curies":[{"name":"wp","href":"https:\/\/api.w.org\/{rel}","templated":true}]}}