
{"id":9105,"date":"2023-05-24T09:25:37","date_gmt":"2023-05-24T01:25:37","guid":{"rendered":"http:\/\/75.webs.svipwebs.com\/?post_type=product&#038;p=9105"},"modified":"2023-05-24T09:25:37","modified_gmt":"2023-05-24T01:25:37","slug":"lunch-box-2","status":"publish","type":"product","link":"https:\/\/www.wellongpack.com\/es\/producto\/fiambrera-2-2\/","title":{"rendered":"fiambrera 2"},"content":{"rendered":"","protected":false},"excerpt":{"rendered":"<p>Nuestras cajas plegables de papel para comida para llevar son una forma sencilla y c\u00f3moda de empaquetar sus alimentos para llevar y entregar. Estas cajas rectangulares de una sola pieza tienen cuatro solapas superiores que se pliegan para cerrarlas con un cierre de pesta\u00f1a superior que las mantiene seguras. Las cajas est\u00e1n fabricadas con cart\u00f3n resistente y el interior tiene un forro de polietileno a\u00f1adido para evitar que se filtre la grasa y la humedad.<\/p>","protected":false},"featured_media":9106,"comment_status":"open","ping_status":"closed","template":"","meta":[],"product_cat":[105],"product_tag":[],"class_list":["post-9105","product","type-product","status-publish","has-post-thumbnail","hentry","product_cat-fast-food-box"],"_links":{"self":[{"href":"https:\/\/www.wellongpack.com\/es\/wp-json\/wp\/v2\/product\/9105","targetHints":{"allow":["GET"]}}],"collection":[{"href":"https:\/\/www.wellongpack.com\/es\/wp-json\/wp\/v2\/product"}],"about":[{"href":"https:\/\/www.wellongpack.com\/es\/wp-json\/wp\/v2\/types\/product"}],"replies":[{"embeddable":true,"href":"https:\/\/www.wellongpack.com\/es\/wp-json\/wp\/v2\/comments?post=9105"}],"version-history":[{"count":1,"href":"https:\/\/www.wellongpack.com\/es\/wp-json\/wp\/v2\/product\/9105\/revisions"}],"predecessor-version":[{"id":9111,"href":"https:\/\/www.wellongpack.com\/es\/wp-json\/wp\/v2\/product\/9105\/revisions\/9111"}],"wp:featuredmedia":[{"embeddable":true,"href":"https:\/\/www.wellongpack.com\/es\/wp-json\/wp\/v2\/media\/9106"}],"wp:attachment":[{"href":"https:\/\/www.wellongpack.com\/es\/wp-json\/wp\/v2\/media?parent=9105"}],"wp:term":[{"taxonomy":"product_cat","embeddable":true,"href":"https:\/\/www.wellongpack.com\/es\/wp-json\/wp\/v2\/product_cat?post=9105"},{"taxonomy":"product_tag","embeddable":true,"href":"https:\/\/www.wellongpack.com\/es\/wp-json\/wp\/v2\/product_tag?post=9105"}],"curies":[{"name":"wp","href":"https:\/\/api.w.org\/{rel}","templated":true}]}}