
{"id":9035,"date":"2023-05-23T17:49:37","date_gmt":"2023-05-23T09:49:37","guid":{"rendered":"http:\/\/75.webs.svipwebs.com\/?post_type=product&#038;p=9035"},"modified":"2023-05-23T17:49:37","modified_gmt":"2023-05-23T09:49:37","slug":"bamboo-paper-round-bowl","status":"publish","type":"product","link":"https:\/\/www.wellongpack.com\/es\/producto\/cuenco-redondo-de-papel-de-bambu\/","title":{"rendered":"Cuenco redondo de papel de bamb\u00fa"},"content":{"rendered":"","protected":false},"excerpt":{"rendered":"<p>Este bol de papel de bamb\u00fa es ideal para comidas fr\u00edas y calientes, postres y guarniciones. Fabricado con un interior recubierto de poli\u00e9ster, ofrece protecci\u00f3n contra fugas de aceite, grasa o salsas. La tapa compatible (se vende por separado) mantiene los alimentos seguros y protegidos durante el transporte.<\/p>","protected":false},"featured_media":9036,"comment_status":"open","ping_status":"closed","template":"","meta":[],"product_cat":[100],"product_tag":[],"class_list":["post-9035","product","type-product","status-publish","has-post-thumbnail","hentry","product_cat-paper-bowl-and-pot"],"_links":{"self":[{"href":"https:\/\/www.wellongpack.com\/es\/wp-json\/wp\/v2\/product\/9035","targetHints":{"allow":["GET"]}}],"collection":[{"href":"https:\/\/www.wellongpack.com\/es\/wp-json\/wp\/v2\/product"}],"about":[{"href":"https:\/\/www.wellongpack.com\/es\/wp-json\/wp\/v2\/types\/product"}],"replies":[{"embeddable":true,"href":"https:\/\/www.wellongpack.com\/es\/wp-json\/wp\/v2\/comments?post=9035"}],"version-history":[{"count":1,"href":"https:\/\/www.wellongpack.com\/es\/wp-json\/wp\/v2\/product\/9035\/revisions"}],"predecessor-version":[{"id":9041,"href":"https:\/\/www.wellongpack.com\/es\/wp-json\/wp\/v2\/product\/9035\/revisions\/9041"}],"wp:featuredmedia":[{"embeddable":true,"href":"https:\/\/www.wellongpack.com\/es\/wp-json\/wp\/v2\/media\/9036"}],"wp:attachment":[{"href":"https:\/\/www.wellongpack.com\/es\/wp-json\/wp\/v2\/media?parent=9035"}],"wp:term":[{"taxonomy":"product_cat","embeddable":true,"href":"https:\/\/www.wellongpack.com\/es\/wp-json\/wp\/v2\/product_cat?post=9035"},{"taxonomy":"product_tag","embeddable":true,"href":"https:\/\/www.wellongpack.com\/es\/wp-json\/wp\/v2\/product_tag?post=9035"}],"curies":[{"name":"wp","href":"https:\/\/api.w.org\/{rel}","templated":true}]}}