
{"id":8984,"date":"2023-05-23T17:10:31","date_gmt":"2023-05-23T09:10:31","guid":{"rendered":"http:\/\/75.webs.svipwebs.com\/?post_type=product&#038;p=8984"},"modified":"2023-05-23T17:10:32","modified_gmt":"2023-05-23T09:10:32","slug":"4-compartment-bagasse-tray","status":"publish","type":"product","link":"https:\/\/www.wellongpack.com\/es\/producto\/bandeja-bolsa-de-4-compartimentos\/","title":{"rendered":"Bandeja de bagazo de 4 compartimentos"},"content":{"rendered":"","protected":false},"excerpt":{"rendered":"<p>Fabricada con ca\u00f1a de az\u00facar y bagazo de ca\u00f1a, esta bandeja es perfecta para restaurantes, empresas de catering y tiendas de bocadillos que sirven desde platos calientes hasta ensaladas fr\u00edas. Lleve f\u00e1cilmente su comida a trav\u00e9s de una cafeter\u00eda o comedor mientras da un paso hacia la ecolog\u00eda con esta opci\u00f3n ecol\u00f3gica inteligente.<\/p>","protected":false},"featured_media":8985,"comment_status":"open","ping_status":"closed","template":"","meta":[],"product_cat":[98],"product_tag":[],"class_list":["post-8984","product","type-product","status-publish","has-post-thumbnail","hentry","product_cat-bagasse-tray"],"_links":{"self":[{"href":"https:\/\/www.wellongpack.com\/es\/wp-json\/wp\/v2\/product\/8984","targetHints":{"allow":["GET"]}}],"collection":[{"href":"https:\/\/www.wellongpack.com\/es\/wp-json\/wp\/v2\/product"}],"about":[{"href":"https:\/\/www.wellongpack.com\/es\/wp-json\/wp\/v2\/types\/product"}],"replies":[{"embeddable":true,"href":"https:\/\/www.wellongpack.com\/es\/wp-json\/wp\/v2\/comments?post=8984"}],"version-history":[{"count":1,"href":"https:\/\/www.wellongpack.com\/es\/wp-json\/wp\/v2\/product\/8984\/revisions"}],"predecessor-version":[{"id":8989,"href":"https:\/\/www.wellongpack.com\/es\/wp-json\/wp\/v2\/product\/8984\/revisions\/8989"}],"wp:featuredmedia":[{"embeddable":true,"href":"https:\/\/www.wellongpack.com\/es\/wp-json\/wp\/v2\/media\/8985"}],"wp:attachment":[{"href":"https:\/\/www.wellongpack.com\/es\/wp-json\/wp\/v2\/media?parent=8984"}],"wp:term":[{"taxonomy":"product_cat","embeddable":true,"href":"https:\/\/www.wellongpack.com\/es\/wp-json\/wp\/v2\/product_cat?post=8984"},{"taxonomy":"product_tag","embeddable":true,"href":"https:\/\/www.wellongpack.com\/es\/wp-json\/wp\/v2\/product_tag?post=8984"}],"curies":[{"name":"wp","href":"https:\/\/api.w.org\/{rel}","templated":true}]}}