
{"id":8977,"date":"2023-05-23T17:09:28","date_gmt":"2023-05-23T09:09:28","guid":{"rendered":"http:\/\/75.webs.svipwebs.com\/?post_type=product&#038;p=8977"},"modified":"2023-05-23T17:09:28","modified_gmt":"2023-05-23T09:09:28","slug":"3-compartment-bagasse-tray","status":"publish","type":"product","link":"https:\/\/www.wellongpack.com\/es\/producto\/3-compartment-bagasse-tray\/","title":{"rendered":"Bandeja de bagazo de 3 compartimentos"},"content":{"rendered":"","protected":false},"excerpt":{"rendered":"<p>Fabricada con ca\u00f1a de az\u00facar y bagazo de ca\u00f1a, esta bandeja es perfecta para restaurantes, empresas de catering y tiendas de bocadillos que sirven desde platos calientes hasta ensaladas fr\u00edas. Lleve f\u00e1cilmente su comida a trav\u00e9s de una cafeter\u00eda o comedor mientras da un paso hacia la ecolog\u00eda con esta opci\u00f3n ecol\u00f3gica inteligente.<\/p>","protected":false},"featured_media":8978,"comment_status":"open","ping_status":"closed","template":"","meta":[],"product_cat":[98],"product_tag":[],"class_list":["post-8977","product","type-product","status-publish","has-post-thumbnail","hentry","product_cat-bagasse-tray"],"_links":{"self":[{"href":"https:\/\/www.wellongpack.com\/es\/wp-json\/wp\/v2\/product\/8977","targetHints":{"allow":["GET"]}}],"collection":[{"href":"https:\/\/www.wellongpack.com\/es\/wp-json\/wp\/v2\/product"}],"about":[{"href":"https:\/\/www.wellongpack.com\/es\/wp-json\/wp\/v2\/types\/product"}],"replies":[{"embeddable":true,"href":"https:\/\/www.wellongpack.com\/es\/wp-json\/wp\/v2\/comments?post=8977"}],"version-history":[{"count":1,"href":"https:\/\/www.wellongpack.com\/es\/wp-json\/wp\/v2\/product\/8977\/revisions"}],"predecessor-version":[{"id":8983,"href":"https:\/\/www.wellongpack.com\/es\/wp-json\/wp\/v2\/product\/8977\/revisions\/8983"}],"wp:featuredmedia":[{"embeddable":true,"href":"https:\/\/www.wellongpack.com\/es\/wp-json\/wp\/v2\/media\/8978"}],"wp:attachment":[{"href":"https:\/\/www.wellongpack.com\/es\/wp-json\/wp\/v2\/media?parent=8977"}],"wp:term":[{"taxonomy":"product_cat","embeddable":true,"href":"https:\/\/www.wellongpack.com\/es\/wp-json\/wp\/v2\/product_cat?post=8977"},{"taxonomy":"product_tag","embeddable":true,"href":"https:\/\/www.wellongpack.com\/es\/wp-json\/wp\/v2\/product_tag?post=8977"}],"curies":[{"name":"wp","href":"https:\/\/api.w.org\/{rel}","templated":true}]}}