
{"id":8955,"date":"2023-05-23T17:06:09","date_gmt":"2023-05-23T09:06:09","guid":{"rendered":"http:\/\/75.webs.svipwebs.com\/?post_type=product&#038;p=8955"},"modified":"2023-05-23T17:06:10","modified_gmt":"2023-05-23T09:06:10","slug":"cake-plate","status":"publish","type":"product","link":"https:\/\/www.wellongpack.com\/es\/producto\/plato-para-tartas\/","title":{"rendered":"plato para tartas"},"content":{"rendered":"","protected":false},"excerpt":{"rendered":"<p>Este plato para tartas de ca\u00f1a de az\u00facar \/ bagazo ocupa menos espacio de almacenamiento que otras alternativas desechables, y puede contener alimentos m\u00e1s pesados que el papel o la espuma de poliestireno. Con un color blanco brillante, este plato encajar\u00e1 en casi cualquier decoraci\u00f3n y tema de restaurante, creando un lienzo limpio y fresco para cualquier tipo de comida.<\/p>","protected":false},"featured_media":8956,"comment_status":"open","ping_status":"closed","template":"","meta":[],"product_cat":[97],"product_tag":[],"class_list":["post-8955","product","type-product","status-publish","has-post-thumbnail","hentry","product_cat-bagasse-plate"],"_links":{"self":[{"href":"https:\/\/www.wellongpack.com\/es\/wp-json\/wp\/v2\/product\/8955","targetHints":{"allow":["GET"]}}],"collection":[{"href":"https:\/\/www.wellongpack.com\/es\/wp-json\/wp\/v2\/product"}],"about":[{"href":"https:\/\/www.wellongpack.com\/es\/wp-json\/wp\/v2\/types\/product"}],"replies":[{"embeddable":true,"href":"https:\/\/www.wellongpack.com\/es\/wp-json\/wp\/v2\/comments?post=8955"}],"version-history":[{"count":1,"href":"https:\/\/www.wellongpack.com\/es\/wp-json\/wp\/v2\/product\/8955\/revisions"}],"predecessor-version":[{"id":8961,"href":"https:\/\/www.wellongpack.com\/es\/wp-json\/wp\/v2\/product\/8955\/revisions\/8961"}],"wp:featuredmedia":[{"embeddable":true,"href":"https:\/\/www.wellongpack.com\/es\/wp-json\/wp\/v2\/media\/8956"}],"wp:attachment":[{"href":"https:\/\/www.wellongpack.com\/es\/wp-json\/wp\/v2\/media?parent=8955"}],"wp:term":[{"taxonomy":"product_cat","embeddable":true,"href":"https:\/\/www.wellongpack.com\/es\/wp-json\/wp\/v2\/product_cat?post=8955"},{"taxonomy":"product_tag","embeddable":true,"href":"https:\/\/www.wellongpack.com\/es\/wp-json\/wp\/v2\/product_tag?post=8955"}],"curies":[{"name":"wp","href":"https:\/\/api.w.org\/{rel}","templated":true}]}}