
{"id":8950,"date":"2023-05-23T17:04:33","date_gmt":"2023-05-23T09:04:33","guid":{"rendered":"http:\/\/75.webs.svipwebs.com\/?post_type=product&#038;p=8950"},"modified":"2023-06-12T12:03:45","modified_gmt":"2023-06-12T04:03:45","slug":"bagasse-egg-container","status":"publish","type":"product","link":"https:\/\/www.wellongpack.com\/es\/producto\/bagazo-huevo-contenedor\/","title":{"rendered":"Contenedor de bagazo para huevos"},"content":{"rendered":"","protected":false},"excerpt":{"rendered":"<p><em>Pulpa Los envases reciclados se fabrican con materiales de papel biodegradables. Incluso la c\u00e1scara de huevo m\u00e1s resistente puede resquebrajarse sin la protecci\u00f3n adecuada. Las cajas ecol\u00f3gicas para huevos de buena calidad son su mejor elecci\u00f3n.<\/em><\/p>","protected":false},"featured_media":8951,"comment_status":"open","ping_status":"closed","template":"","meta":[],"product_cat":[91],"product_tag":[],"class_list":["post-8950","product","type-product","status-publish","has-post-thumbnail","hentry","product_cat-bagassesugarcane-products"],"_links":{"self":[{"href":"https:\/\/www.wellongpack.com\/es\/wp-json\/wp\/v2\/product\/8950","targetHints":{"allow":["GET"]}}],"collection":[{"href":"https:\/\/www.wellongpack.com\/es\/wp-json\/wp\/v2\/product"}],"about":[{"href":"https:\/\/www.wellongpack.com\/es\/wp-json\/wp\/v2\/types\/product"}],"replies":[{"embeddable":true,"href":"https:\/\/www.wellongpack.com\/es\/wp-json\/wp\/v2\/comments?post=8950"}],"version-history":[{"count":2,"href":"https:\/\/www.wellongpack.com\/es\/wp-json\/wp\/v2\/product\/8950\/revisions"}],"predecessor-version":[{"id":10654,"href":"https:\/\/www.wellongpack.com\/es\/wp-json\/wp\/v2\/product\/8950\/revisions\/10654"}],"wp:featuredmedia":[{"embeddable":true,"href":"https:\/\/www.wellongpack.com\/es\/wp-json\/wp\/v2\/media\/8951"}],"wp:attachment":[{"href":"https:\/\/www.wellongpack.com\/es\/wp-json\/wp\/v2\/media?parent=8950"}],"wp:term":[{"taxonomy":"product_cat","embeddable":true,"href":"https:\/\/www.wellongpack.com\/es\/wp-json\/wp\/v2\/product_cat?post=8950"},{"taxonomy":"product_tag","embeddable":true,"href":"https:\/\/www.wellongpack.com\/es\/wp-json\/wp\/v2\/product_tag?post=8950"}],"curies":[{"name":"wp","href":"https:\/\/api.w.org\/{rel}","templated":true}]}}