
{"id":8898,"date":"2023-05-23T16:46:13","date_gmt":"2023-05-23T08:46:13","guid":{"rendered":"http:\/\/75.webs.svipwebs.com\/?post_type=product&#038;p=8898"},"modified":"2023-05-23T16:46:13","modified_gmt":"2023-05-23T08:46:13","slug":"coffee-cup","status":"publish","type":"product","link":"https:\/\/www.wellongpack.com\/es\/producto\/taza-de-cafe\/","title":{"rendered":"taza de caf\u00e9"},"content":{"rendered":"","protected":false},"excerpt":{"rendered":"<p><a href=\"https:\/\/www.craftecopack.com\/sugarcane-cup_c22\"><strong><b>taza de bagazo de ca\u00f1a de az\u00facar<\/b><\/strong><\/a>\u00a0es m\u00e1s gruesa, con mayor dureza, la copa es m\u00e1s duradera, no es f\u00e1cil de deformar y ablandar.<br \/>\nEs respetuoso con el medio ambiente y\u00a0<strong><b>vajilla de bagazo biodegradable<\/b><\/strong>, apto para bebidas fr\u00edas y calientes, impermeable, a prueba de aceite y fugas, y se puede llenar con caf\u00e9, t\u00e9 con leche, zumo de frutas y agua hervida.<\/p>","protected":false},"featured_media":8899,"comment_status":"open","ping_status":"closed","template":"","meta":[],"product_cat":[96],"product_tag":[],"class_list":["post-8898","product","type-product","status-publish","has-post-thumbnail","hentry","product_cat-bagasse-cup-and-lids"],"_links":{"self":[{"href":"https:\/\/www.wellongpack.com\/es\/wp-json\/wp\/v2\/product\/8898","targetHints":{"allow":["GET"]}}],"collection":[{"href":"https:\/\/www.wellongpack.com\/es\/wp-json\/wp\/v2\/product"}],"about":[{"href":"https:\/\/www.wellongpack.com\/es\/wp-json\/wp\/v2\/types\/product"}],"replies":[{"embeddable":true,"href":"https:\/\/www.wellongpack.com\/es\/wp-json\/wp\/v2\/comments?post=8898"}],"version-history":[{"count":1,"href":"https:\/\/www.wellongpack.com\/es\/wp-json\/wp\/v2\/product\/8898\/revisions"}],"predecessor-version":[{"id":8904,"href":"https:\/\/www.wellongpack.com\/es\/wp-json\/wp\/v2\/product\/8898\/revisions\/8904"}],"wp:featuredmedia":[{"embeddable":true,"href":"https:\/\/www.wellongpack.com\/es\/wp-json\/wp\/v2\/media\/8899"}],"wp:attachment":[{"href":"https:\/\/www.wellongpack.com\/es\/wp-json\/wp\/v2\/media?parent=8898"}],"wp:term":[{"taxonomy":"product_cat","embeddable":true,"href":"https:\/\/www.wellongpack.com\/es\/wp-json\/wp\/v2\/product_cat?post=8898"},{"taxonomy":"product_tag","embeddable":true,"href":"https:\/\/www.wellongpack.com\/es\/wp-json\/wp\/v2\/product_tag?post=8898"}],"curies":[{"name":"wp","href":"https:\/\/api.w.org\/{rel}","templated":true}]}}