
{"id":10203,"date":"2023-06-02T23:55:09","date_gmt":"2023-06-02T15:55:09","guid":{"rendered":"http:\/\/75.webs.svipwebs.com\/?post_type=product&#038;p=10203"},"modified":"2026-01-08T23:25:55","modified_gmt":"2026-01-08T15:25:55","slug":"molded-pulp-box","status":"publish","type":"product","link":"https:\/\/www.wellongpack.com\/es\/producto\/caja-de-carton-moldeado\/","title":{"rendered":"Caja de pulpa moldeada"},"content":{"rendered":"<p>Esta caja y bandeja de pulpa moldeada se moldean a partir de fibra de bagazo de ca\u00f1a de az\u00facar. Se trata de un recurso renovable con un ciclo de crecimiento corto. Los materiales y el proceso de producci\u00f3n son ecol\u00f3gicos. Los productos acabados son totalmente biodegradables.<\/p>","protected":false},"excerpt":{"rendered":"<p>Esta caja y bandeja de pulpa moldeada se fabrican a partir de fibra de bagazo de ca\u00f1a de az\u00facar. Es un recurso renovable con un ciclo de crecimiento corto.<\/p>","protected":false},"featured_media":10204,"comment_status":"open","ping_status":"closed","template":"","meta":[],"product_cat":[20,154],"product_tag":[],"class_list":["post-10203","product","type-product","status-publish","has-post-thumbnail","hentry","product_cat-all-products","product_cat-top"],"_links":{"self":[{"href":"https:\/\/www.wellongpack.com\/es\/wp-json\/wp\/v2\/product\/10203","targetHints":{"allow":["GET"]}}],"collection":[{"href":"https:\/\/www.wellongpack.com\/es\/wp-json\/wp\/v2\/product"}],"about":[{"href":"https:\/\/www.wellongpack.com\/es\/wp-json\/wp\/v2\/types\/product"}],"replies":[{"embeddable":true,"href":"https:\/\/www.wellongpack.com\/es\/wp-json\/wp\/v2\/comments?post=10203"}],"version-history":[{"count":1,"href":"https:\/\/www.wellongpack.com\/es\/wp-json\/wp\/v2\/product\/10203\/revisions"}],"predecessor-version":[{"id":10205,"href":"https:\/\/www.wellongpack.com\/es\/wp-json\/wp\/v2\/product\/10203\/revisions\/10205"}],"wp:featuredmedia":[{"embeddable":true,"href":"https:\/\/www.wellongpack.com\/es\/wp-json\/wp\/v2\/media\/10204"}],"wp:attachment":[{"href":"https:\/\/www.wellongpack.com\/es\/wp-json\/wp\/v2\/media?parent=10203"}],"wp:term":[{"taxonomy":"product_cat","embeddable":true,"href":"https:\/\/www.wellongpack.com\/es\/wp-json\/wp\/v2\/product_cat?post=10203"},{"taxonomy":"product_tag","embeddable":true,"href":"https:\/\/www.wellongpack.com\/es\/wp-json\/wp\/v2\/product_tag?post=10203"}],"curies":[{"name":"wp","href":"https:\/\/api.w.org\/{rel}","templated":true}]}}