
{"id":10190,"date":"2023-06-02T23:52:24","date_gmt":"2023-06-02T15:52:24","guid":{"rendered":"http:\/\/75.webs.svipwebs.com\/?post_type=product&#038;p=10190"},"modified":"2026-01-08T23:25:11","modified_gmt":"2026-01-08T15:25:11","slug":"bagasse-lunch-box","status":"publish","type":"product","link":"https:\/\/www.wellongpack.com\/es\/producto\/bagazo-lonchera\/","title":{"rendered":"Fiambrera de bagazo"},"content":{"rendered":"<p>Fabricada con ca\u00f1a de az\u00facar y bagazo de ca\u00f1a, esta bandeja es perfecta para restaurantes, empresas de catering y tiendas de bocadillos que sirven desde platos calientes hasta ensaladas fr\u00edas. Lleve f\u00e1cilmente su comida a trav\u00e9s de una cafeter\u00eda o comedor mientras da un paso hacia la ecolog\u00eda con esta opci\u00f3n ecol\u00f3gica inteligente.<\/p>","protected":false},"excerpt":{"rendered":"<p>Fabricada a partir de ca\u00f1a de az\u00facar \/ bagazo, esta bandeja es perfecta para restaurantes, empresas de catering y tiendas de bocadillos que sirven cualquier cosa, desde<\/p>","protected":false},"featured_media":10191,"comment_status":"open","ping_status":"closed","template":"","meta":[],"product_cat":[20,154],"product_tag":[],"class_list":["post-10190","product","type-product","status-publish","has-post-thumbnail","hentry","product_cat-all-products","product_cat-top"],"_links":{"self":[{"href":"https:\/\/www.wellongpack.com\/es\/wp-json\/wp\/v2\/product\/10190","targetHints":{"allow":["GET"]}}],"collection":[{"href":"https:\/\/www.wellongpack.com\/es\/wp-json\/wp\/v2\/product"}],"about":[{"href":"https:\/\/www.wellongpack.com\/es\/wp-json\/wp\/v2\/types\/product"}],"replies":[{"embeddable":true,"href":"https:\/\/www.wellongpack.com\/es\/wp-json\/wp\/v2\/comments?post=10190"}],"version-history":[{"count":1,"href":"https:\/\/www.wellongpack.com\/es\/wp-json\/wp\/v2\/product\/10190\/revisions"}],"predecessor-version":[{"id":10192,"href":"https:\/\/www.wellongpack.com\/es\/wp-json\/wp\/v2\/product\/10190\/revisions\/10192"}],"wp:featuredmedia":[{"embeddable":true,"href":"https:\/\/www.wellongpack.com\/es\/wp-json\/wp\/v2\/media\/10191"}],"wp:attachment":[{"href":"https:\/\/www.wellongpack.com\/es\/wp-json\/wp\/v2\/media?parent=10190"}],"wp:term":[{"taxonomy":"product_cat","embeddable":true,"href":"https:\/\/www.wellongpack.com\/es\/wp-json\/wp\/v2\/product_cat?post=10190"},{"taxonomy":"product_tag","embeddable":true,"href":"https:\/\/www.wellongpack.com\/es\/wp-json\/wp\/v2\/product_tag?post=10190"}],"curies":[{"name":"wp","href":"https:\/\/api.w.org\/{rel}","templated":true}]}}