
{"id":10118,"date":"2023-06-01T14:32:27","date_gmt":"2023-06-01T06:32:27","guid":{"rendered":"http:\/\/75.webs.svipwebs.com\/?post_type=product&#038;p=10118"},"modified":"2023-06-01T14:46:17","modified_gmt":"2023-06-01T06:46:17","slug":"molded-pulp-bottle-for-medical","status":"publish","type":"product","link":"https:\/\/www.wellongpack.com\/es\/producto\/botella-de-polipropileno-moldeado-para-uso-medico\/","title":{"rendered":"Botella de pulpa moldeada para uso m\u00e9dico"},"content":{"rendered":"<p><strong><b>Esta pasta moldeada <\/b><\/strong><strong><b>Lata m\u00e9dica<\/b><\/strong><strong><b>\u00a0se moldea a partir de fibra de bagazo de ca\u00f1a de az\u00facar. Es un recurso renovable con un ciclo de crecimiento corto. Los materiales y el proceso de producci\u00f3n son ecol\u00f3gicos. Los productos acabados son totalmente biodegradables.<\/b><\/strong><\/p>\n<p><img loading=\"lazy\" decoding=\"async\" class=\"alignnone size-full wp-image-10120\" src=\"https:\/\/www.wellongpack.com\/wp-content\/uploads\/2023\/06\/1-69.jpg\" alt=\"\" width=\"960\" height=\"960\" srcset=\"https:\/\/www.wellongpack.com\/wp-content\/uploads\/2023\/06\/1-69.jpg 960w, https:\/\/www.wellongpack.com\/wp-content\/uploads\/2023\/06\/1-69-430x430.jpg 430w, https:\/\/www.wellongpack.com\/wp-content\/uploads\/2023\/06\/1-69-150x150.jpg 150w, https:\/\/www.wellongpack.com\/wp-content\/uploads\/2023\/06\/1-69-700x700.jpg 700w, https:\/\/www.wellongpack.com\/wp-content\/uploads\/2023\/06\/1-69-300x300.jpg 300w, https:\/\/www.wellongpack.com\/wp-content\/uploads\/2023\/06\/1-69-800x800.jpg 800w, https:\/\/www.wellongpack.com\/wp-content\/uploads\/2023\/06\/1-69-768x768.jpg 768w, https:\/\/www.wellongpack.com\/wp-content\/uploads\/2023\/06\/1-69-860x860.jpg 860w\" sizes=\"auto, (max-width: 960px) 100vw, 960px\" \/><\/p>","protected":false},"excerpt":{"rendered":"<p>This molded pulp Medical Can\u00a0is molded from sugarcane bagasse fiber. It is renewable resources with short growth cycle. The materials<\/p>","protected":false},"featured_media":10119,"comment_status":"open","ping_status":"closed","template":"","meta":[],"product_cat":[146,149],"product_tag":[],"class_list":["post-10118","product","type-product","status-publish","has-post-thumbnail","hentry","product_cat-molded-pulp","product_cat-molded-pulp-bottle"],"_links":{"self":[{"href":"https:\/\/www.wellongpack.com\/es\/wp-json\/wp\/v2\/product\/10118","targetHints":{"allow":["GET"]}}],"collection":[{"href":"https:\/\/www.wellongpack.com\/es\/wp-json\/wp\/v2\/product"}],"about":[{"href":"https:\/\/www.wellongpack.com\/es\/wp-json\/wp\/v2\/types\/product"}],"replies":[{"embeddable":true,"href":"https:\/\/www.wellongpack.com\/es\/wp-json\/wp\/v2\/comments?post=10118"}],"version-history":[{"count":1,"href":"https:\/\/www.wellongpack.com\/es\/wp-json\/wp\/v2\/product\/10118\/revisions"}],"predecessor-version":[{"id":10121,"href":"https:\/\/www.wellongpack.com\/es\/wp-json\/wp\/v2\/product\/10118\/revisions\/10121"}],"wp:featuredmedia":[{"embeddable":true,"href":"https:\/\/www.wellongpack.com\/es\/wp-json\/wp\/v2\/media\/10119"}],"wp:attachment":[{"href":"https:\/\/www.wellongpack.com\/es\/wp-json\/wp\/v2\/media?parent=10118"}],"wp:term":[{"taxonomy":"product_cat","embeddable":true,"href":"https:\/\/www.wellongpack.com\/es\/wp-json\/wp\/v2\/product_cat?post=10118"},{"taxonomy":"product_tag","embeddable":true,"href":"https:\/\/www.wellongpack.com\/es\/wp-json\/wp\/v2\/product_tag?post=10118"}],"curies":[{"name":"wp","href":"https:\/\/api.w.org\/{rel}","templated":true}]}}