
{"id":10037,"date":"2023-06-01T13:52:24","date_gmt":"2023-06-01T05:52:24","guid":{"rendered":"http:\/\/75.webs.svipwebs.com\/?post_type=product&#038;p=10037"},"modified":"2023-06-01T13:52:24","modified_gmt":"2023-06-01T05:52:24","slug":"wood-cutting-board","status":"publish","type":"product","link":"https:\/\/www.wellongpack.com\/es\/producto\/tablero-de-corte-de-madera\/","title":{"rendered":"Tabla de cortar de madera"},"content":{"rendered":"<p>Fabricada con madera renovable, esta tabla es ideal para establecimientos y eventos con conciencia ecol\u00f3gica.Puede utilizarse como tabla de cortar adem\u00e1s de como pieza para servir.Es perfecta para cocinas comerciales y servicios de catering, por igual. Cuenta con un dise\u00f1o reversible para una vida \u00fatil a\u00fan m\u00e1s larga, y puede utilizarse como soporte para batidoras o picadoras de carne. Cuando se utiliza como tabla de cortar, es lo suficientemente robusta como para utilizarla con sus cuchillos m\u00e1s grandes.<\/p>\n<p><img loading=\"lazy\" decoding=\"async\" class=\"alignnone size-full wp-image-10041\" src=\"https:\/\/www.wellongpack.com\/wp-content\/uploads\/2023\/06\/4c83b2645e9355f0be19b7207f4ffffe_2233037-1.jpg\" alt=\"\" width=\"600\" height=\"600\" srcset=\"https:\/\/www.wellongpack.com\/wp-content\/uploads\/2023\/06\/4c83b2645e9355f0be19b7207f4ffffe_2233037-1.jpg 600w, https:\/\/www.wellongpack.com\/wp-content\/uploads\/2023\/06\/4c83b2645e9355f0be19b7207f4ffffe_2233037-1-430x430.jpg 430w, https:\/\/www.wellongpack.com\/wp-content\/uploads\/2023\/06\/4c83b2645e9355f0be19b7207f4ffffe_2233037-1-150x150.jpg 150w, https:\/\/www.wellongpack.com\/wp-content\/uploads\/2023\/06\/4c83b2645e9355f0be19b7207f4ffffe_2233037-1-300x300.jpg 300w\" sizes=\"auto, (max-width: 600px) 100vw, 600px\" \/> <img loading=\"lazy\" decoding=\"async\" class=\"alignnone size-full wp-image-10042\" src=\"https:\/\/www.wellongpack.com\/wp-content\/uploads\/2023\/06\/17d159373ba3d62f4061f672e6144cd0_2240883-1.jpg\" alt=\"\" width=\"600\" height=\"600\" srcset=\"https:\/\/www.wellongpack.com\/wp-content\/uploads\/2023\/06\/17d159373ba3d62f4061f672e6144cd0_2240883-1.jpg 600w, https:\/\/www.wellongpack.com\/wp-content\/uploads\/2023\/06\/17d159373ba3d62f4061f672e6144cd0_2240883-1-430x430.jpg 430w, https:\/\/www.wellongpack.com\/wp-content\/uploads\/2023\/06\/17d159373ba3d62f4061f672e6144cd0_2240883-1-150x150.jpg 150w, https:\/\/www.wellongpack.com\/wp-content\/uploads\/2023\/06\/17d159373ba3d62f4061f672e6144cd0_2240883-1-300x300.jpg 300w\" sizes=\"auto, (max-width: 600px) 100vw, 600px\" \/> <img loading=\"lazy\" decoding=\"async\" class=\"alignnone size-full wp-image-10043\" src=\"https:\/\/www.wellongpack.com\/wp-content\/uploads\/2023\/06\/50522d00fd29c9111378bb7589f7c7b5_1306463-1.jpg\" alt=\"\" width=\"600\" height=\"600\" srcset=\"https:\/\/www.wellongpack.com\/wp-content\/uploads\/2023\/06\/50522d00fd29c9111378bb7589f7c7b5_1306463-1.jpg 600w, https:\/\/www.wellongpack.com\/wp-content\/uploads\/2023\/06\/50522d00fd29c9111378bb7589f7c7b5_1306463-1-430x430.jpg 430w, https:\/\/www.wellongpack.com\/wp-content\/uploads\/2023\/06\/50522d00fd29c9111378bb7589f7c7b5_1306463-1-150x150.jpg 150w, https:\/\/www.wellongpack.com\/wp-content\/uploads\/2023\/06\/50522d00fd29c9111378bb7589f7c7b5_1306463-1-300x300.jpg 300w\" sizes=\"auto, (max-width: 600px) 100vw, 600px\" \/><\/p>","protected":false},"excerpt":{"rendered":"<p>Made of renewable wood, this board is ideal for eco-conscious establishments and events.it can be used as a chopping board<\/p>","protected":false},"featured_media":10038,"comment_status":"open","ping_status":"closed","template":"","meta":[],"product_cat":[124,144],"product_tag":[],"class_list":["post-10037","product","type-product","status-publish","has-post-thumbnail","hentry","product_cat-sustainability-packaging","product_cat-wooden-tableware"],"_links":{"self":[{"href":"https:\/\/www.wellongpack.com\/es\/wp-json\/wp\/v2\/product\/10037","targetHints":{"allow":["GET"]}}],"collection":[{"href":"https:\/\/www.wellongpack.com\/es\/wp-json\/wp\/v2\/product"}],"about":[{"href":"https:\/\/www.wellongpack.com\/es\/wp-json\/wp\/v2\/types\/product"}],"replies":[{"embeddable":true,"href":"https:\/\/www.wellongpack.com\/es\/wp-json\/wp\/v2\/comments?post=10037"}],"version-history":[{"count":1,"href":"https:\/\/www.wellongpack.com\/es\/wp-json\/wp\/v2\/product\/10037\/revisions"}],"predecessor-version":[{"id":10044,"href":"https:\/\/www.wellongpack.com\/es\/wp-json\/wp\/v2\/product\/10037\/revisions\/10044"}],"wp:featuredmedia":[{"embeddable":true,"href":"https:\/\/www.wellongpack.com\/es\/wp-json\/wp\/v2\/media\/10038"}],"wp:attachment":[{"href":"https:\/\/www.wellongpack.com\/es\/wp-json\/wp\/v2\/media?parent=10037"}],"wp:term":[{"taxonomy":"product_cat","embeddable":true,"href":"https:\/\/www.wellongpack.com\/es\/wp-json\/wp\/v2\/product_cat?post=10037"},{"taxonomy":"product_tag","embeddable":true,"href":"https:\/\/www.wellongpack.com\/es\/wp-json\/wp\/v2\/product_tag?post=10037"}],"curies":[{"name":"wp","href":"https:\/\/api.w.org\/{rel}","templated":true}]}}