
{"id":10021,"date":"2023-06-01T13:47:14","date_gmt":"2023-06-01T05:47:14","guid":{"rendered":"http:\/\/75.webs.svipwebs.com\/?post_type=product&#038;p=10021"},"modified":"2023-06-01T13:47:16","modified_gmt":"2023-06-01T05:47:16","slug":"rpet-shopping-bag","status":"publish","type":"product","link":"https:\/\/www.wellongpack.com\/es\/producto\/rpet-shopping-bag\/","title":{"rendered":"Bolsa de la compra RPET"},"content":{"rendered":"<p>Nuestras bolsas de la compra reutilizables de RPET son la soluci\u00f3n perfecta para una bolsa de la compra reutilizable, una moderna bolsa de la compra para una visita al centro comercial o a sus tiendas favoritas. Nuestras bolsas m\u00e1s grandes y duraderas son tan vers\u00e1tiles que puedes usarlas pr\u00e1cticamente para todo.<\/p>\n<p><img loading=\"lazy\" decoding=\"async\" class=\"alignnone size-full wp-image-10022\" src=\"https:\/\/www.wellongpack.com\/wp-content\/uploads\/2023\/06\/1-52.jpg\" alt=\"\" width=\"1024\" height=\"1024\" srcset=\"https:\/\/www.wellongpack.com\/wp-content\/uploads\/2023\/06\/1-52.jpg 1024w, https:\/\/www.wellongpack.com\/wp-content\/uploads\/2023\/06\/1-52-430x430.jpg 430w, https:\/\/www.wellongpack.com\/wp-content\/uploads\/2023\/06\/1-52-150x150.jpg 150w, https:\/\/www.wellongpack.com\/wp-content\/uploads\/2023\/06\/1-52-700x700.jpg 700w, https:\/\/www.wellongpack.com\/wp-content\/uploads\/2023\/06\/1-52-300x300.jpg 300w, https:\/\/www.wellongpack.com\/wp-content\/uploads\/2023\/06\/1-52-800x800.jpg 800w, https:\/\/www.wellongpack.com\/wp-content\/uploads\/2023\/06\/1-52-768x768.jpg 768w, https:\/\/www.wellongpack.com\/wp-content\/uploads\/2023\/06\/1-52-860x860.jpg 860w\" sizes=\"auto, (max-width: 1024px) 100vw, 1024px\" \/> <img loading=\"lazy\" decoding=\"async\" class=\"alignnone size-full wp-image-10023\" src=\"https:\/\/www.wellongpack.com\/wp-content\/uploads\/2023\/06\/2-52.jpg\" alt=\"\" width=\"750\" height=\"750\" srcset=\"https:\/\/www.wellongpack.com\/wp-content\/uploads\/2023\/06\/2-52.jpg 750w, https:\/\/www.wellongpack.com\/wp-content\/uploads\/2023\/06\/2-52-430x430.jpg 430w, https:\/\/www.wellongpack.com\/wp-content\/uploads\/2023\/06\/2-52-150x150.jpg 150w, https:\/\/www.wellongpack.com\/wp-content\/uploads\/2023\/06\/2-52-700x700.jpg 700w, https:\/\/www.wellongpack.com\/wp-content\/uploads\/2023\/06\/2-52-300x300.jpg 300w\" sizes=\"auto, (max-width: 750px) 100vw, 750px\" \/> <img loading=\"lazy\" decoding=\"async\" class=\"alignnone size-full wp-image-10024\" src=\"https:\/\/www.wellongpack.com\/wp-content\/uploads\/2023\/06\/3-44.jpg\" alt=\"\" width=\"960\" height=\"960\" srcset=\"https:\/\/www.wellongpack.com\/wp-content\/uploads\/2023\/06\/3-44.jpg 960w, https:\/\/www.wellongpack.com\/wp-content\/uploads\/2023\/06\/3-44-430x430.jpg 430w, https:\/\/www.wellongpack.com\/wp-content\/uploads\/2023\/06\/3-44-150x150.jpg 150w, https:\/\/www.wellongpack.com\/wp-content\/uploads\/2023\/06\/3-44-700x700.jpg 700w, https:\/\/www.wellongpack.com\/wp-content\/uploads\/2023\/06\/3-44-300x300.jpg 300w, https:\/\/www.wellongpack.com\/wp-content\/uploads\/2023\/06\/3-44-800x800.jpg 800w, https:\/\/www.wellongpack.com\/wp-content\/uploads\/2023\/06\/3-44-768x768.jpg 768w, https:\/\/www.wellongpack.com\/wp-content\/uploads\/2023\/06\/3-44-860x860.jpg 860w\" sizes=\"auto, (max-width: 960px) 100vw, 960px\" \/> <img loading=\"lazy\" decoding=\"async\" class=\"alignnone size-full wp-image-10025\" src=\"https:\/\/www.wellongpack.com\/wp-content\/uploads\/2023\/06\/4-25.jpg\" alt=\"\" width=\"960\" height=\"960\" srcset=\"https:\/\/www.wellongpack.com\/wp-content\/uploads\/2023\/06\/4-25.jpg 960w, https:\/\/www.wellongpack.com\/wp-content\/uploads\/2023\/06\/4-25-430x430.jpg 430w, https:\/\/www.wellongpack.com\/wp-content\/uploads\/2023\/06\/4-25-150x150.jpg 150w, https:\/\/www.wellongpack.com\/wp-content\/uploads\/2023\/06\/4-25-700x700.jpg 700w, https:\/\/www.wellongpack.com\/wp-content\/uploads\/2023\/06\/4-25-300x300.jpg 300w, https:\/\/www.wellongpack.com\/wp-content\/uploads\/2023\/06\/4-25-800x800.jpg 800w, https:\/\/www.wellongpack.com\/wp-content\/uploads\/2023\/06\/4-25-768x768.jpg 768w, https:\/\/www.wellongpack.com\/wp-content\/uploads\/2023\/06\/4-25-860x860.jpg 860w\" sizes=\"auto, (max-width: 960px) 100vw, 960px\" \/><\/p>","protected":false},"excerpt":{"rendered":"<p>Our reusable RPET Shopping bags\u00a0are a perfect solution for a\u00a0reusable grocery bag, a trendy shopping tote for a visit to<\/p>","protected":false},"featured_media":10022,"comment_status":"open","ping_status":"closed","template":"","meta":[],"product_cat":[143,124,142],"product_tag":[],"class_list":["post-10021","product","type-product","status-publish","has-post-thumbnail","hentry","product_cat-rpet-shopping-bag","product_cat-sustainability-packaging","product_cat-tote-bag"],"_links":{"self":[{"href":"https:\/\/www.wellongpack.com\/es\/wp-json\/wp\/v2\/product\/10021","targetHints":{"allow":["GET"]}}],"collection":[{"href":"https:\/\/www.wellongpack.com\/es\/wp-json\/wp\/v2\/product"}],"about":[{"href":"https:\/\/www.wellongpack.com\/es\/wp-json\/wp\/v2\/types\/product"}],"replies":[{"embeddable":true,"href":"https:\/\/www.wellongpack.com\/es\/wp-json\/wp\/v2\/comments?post=10021"}],"version-history":[{"count":1,"href":"https:\/\/www.wellongpack.com\/es\/wp-json\/wp\/v2\/product\/10021\/revisions"}],"predecessor-version":[{"id":10026,"href":"https:\/\/www.wellongpack.com\/es\/wp-json\/wp\/v2\/product\/10021\/revisions\/10026"}],"wp:featuredmedia":[{"embeddable":true,"href":"https:\/\/www.wellongpack.com\/es\/wp-json\/wp\/v2\/media\/10022"}],"wp:attachment":[{"href":"https:\/\/www.wellongpack.com\/es\/wp-json\/wp\/v2\/media?parent=10021"}],"wp:term":[{"taxonomy":"product_cat","embeddable":true,"href":"https:\/\/www.wellongpack.com\/es\/wp-json\/wp\/v2\/product_cat?post=10021"},{"taxonomy":"product_tag","embeddable":true,"href":"https:\/\/www.wellongpack.com\/es\/wp-json\/wp\/v2\/product_tag?post=10021"}],"curies":[{"name":"wp","href":"https:\/\/api.w.org\/{rel}","templated":true}]}}