
{"id":9812,"date":"2023-06-01T12:57:18","date_gmt":"2023-06-01T04:57:18","guid":{"rendered":"http:\/\/75.webs.svipwebs.com\/?post_type=product&#038;p=9812"},"modified":"2023-06-01T12:57:18","modified_gmt":"2023-06-01T04:57:18","slug":"bamboo-cutlery-set","status":"publish","type":"product","link":"https:\/\/www.wellongpack.com\/de\/produkt\/bambus-besteck-set\/","title":{"rendered":"Bambus-Besteck-Set"},"content":{"rendered":"<p>Dieses Set besteht aus einer Gabel, einem Messer, einem L\u00f6ffel und einer Serviette und ist damit \u00e4u\u00dferst praktisch! Eine ideale Alternative zu herk\u00f6mmlichen Plastikutensilien auf Erd\u00f6lbasis. Dieses Set ist eine gro\u00dfartige Erg\u00e4nzung f\u00fcr jedes Restaurant, jeden Grab-and-go-Stand im Einzelhandel, jeden Pausenraum im B\u00fcro oder jede Schulcafeteria!<\/p>\n<p><img loading=\"lazy\" decoding=\"async\" class=\"alignnone size-full wp-image-9813\" src=\"https:\/\/www.wellongpack.com\/wp-content\/uploads\/2023\/06\/8abcad881bbe8843d39639862280c55d_bamboe-vork-mes-lepel-170mm-bamboo-fork-knife-spoonl-bambus-durable-disposable-discounter.jpg\" alt=\"\" width=\"800\" height=\"800\" srcset=\"https:\/\/www.wellongpack.com\/wp-content\/uploads\/2023\/06\/8abcad881bbe8843d39639862280c55d_bamboe-vork-mes-lepel-170mm-bamboo-fork-knife-spoonl-bambus-durable-disposable-discounter.jpg 800w, https:\/\/www.wellongpack.com\/wp-content\/uploads\/2023\/06\/8abcad881bbe8843d39639862280c55d_bamboe-vork-mes-lepel-170mm-bamboo-fork-knife-spoonl-bambus-durable-disposable-discounter-430x430.jpg 430w, https:\/\/www.wellongpack.com\/wp-content\/uploads\/2023\/06\/8abcad881bbe8843d39639862280c55d_bamboe-vork-mes-lepel-170mm-bamboo-fork-knife-spoonl-bambus-durable-disposable-discounter-150x150.jpg 150w, https:\/\/www.wellongpack.com\/wp-content\/uploads\/2023\/06\/8abcad881bbe8843d39639862280c55d_bamboe-vork-mes-lepel-170mm-bamboo-fork-knife-spoonl-bambus-durable-disposable-discounter-700x700.jpg 700w, https:\/\/www.wellongpack.com\/wp-content\/uploads\/2023\/06\/8abcad881bbe8843d39639862280c55d_bamboe-vork-mes-lepel-170mm-bamboo-fork-knife-spoonl-bambus-durable-disposable-discounter-300x300.jpg 300w, https:\/\/www.wellongpack.com\/wp-content\/uploads\/2023\/06\/8abcad881bbe8843d39639862280c55d_bamboe-vork-mes-lepel-170mm-bamboo-fork-knife-spoonl-bambus-durable-disposable-discounter-768x768.jpg 768w\" sizes=\"auto, (max-width: 800px) 100vw, 800px\" \/> <img loading=\"lazy\" decoding=\"async\" class=\"alignnone size-full wp-image-9814\" src=\"https:\/\/www.wellongpack.com\/wp-content\/uploads\/2023\/06\/180c211013b6094bc1efe43aec94dbf7_2215694.jpg\" alt=\"\" width=\"600\" height=\"600\" srcset=\"https:\/\/www.wellongpack.com\/wp-content\/uploads\/2023\/06\/180c211013b6094bc1efe43aec94dbf7_2215694.jpg 600w, https:\/\/www.wellongpack.com\/wp-content\/uploads\/2023\/06\/180c211013b6094bc1efe43aec94dbf7_2215694-430x430.jpg 430w, https:\/\/www.wellongpack.com\/wp-content\/uploads\/2023\/06\/180c211013b6094bc1efe43aec94dbf7_2215694-150x150.jpg 150w, https:\/\/www.wellongpack.com\/wp-content\/uploads\/2023\/06\/180c211013b6094bc1efe43aec94dbf7_2215694-300x300.jpg 300w\" sizes=\"auto, (max-width: 600px) 100vw, 600px\" \/><\/p>","protected":false},"excerpt":{"rendered":"<p>Dieses All-in-One-Set enth\u00e4lt Gabel, Messer, L\u00f6ffel und Serviette und ist damit \u00e4u\u00dferst praktisch! Eine ideale Alternative zu herk\u00f6mmlichem, erd\u00f6lbasiertem Plastik<\/p>","protected":false},"featured_media":9813,"comment_status":"open","ping_status":"closed","template":"","meta":[],"product_cat":[135,124],"product_tag":[],"class_list":["post-9812","product","type-product","status-publish","has-post-thumbnail","hentry","product_cat-bamboo-tableware","product_cat-sustainability-packaging"],"_links":{"self":[{"href":"https:\/\/www.wellongpack.com\/de\/wp-json\/wp\/v2\/product\/9812","targetHints":{"allow":["GET"]}}],"collection":[{"href":"https:\/\/www.wellongpack.com\/de\/wp-json\/wp\/v2\/product"}],"about":[{"href":"https:\/\/www.wellongpack.com\/de\/wp-json\/wp\/v2\/types\/product"}],"replies":[{"embeddable":true,"href":"https:\/\/www.wellongpack.com\/de\/wp-json\/wp\/v2\/comments?post=9812"}],"version-history":[{"count":1,"href":"https:\/\/www.wellongpack.com\/de\/wp-json\/wp\/v2\/product\/9812\/revisions"}],"predecessor-version":[{"id":9815,"href":"https:\/\/www.wellongpack.com\/de\/wp-json\/wp\/v2\/product\/9812\/revisions\/9815"}],"wp:featuredmedia":[{"embeddable":true,"href":"https:\/\/www.wellongpack.com\/de\/wp-json\/wp\/v2\/media\/9813"}],"wp:attachment":[{"href":"https:\/\/www.wellongpack.com\/de\/wp-json\/wp\/v2\/media?parent=9812"}],"wp:term":[{"taxonomy":"product_cat","embeddable":true,"href":"https:\/\/www.wellongpack.com\/de\/wp-json\/wp\/v2\/product_cat?post=9812"},{"taxonomy":"product_tag","embeddable":true,"href":"https:\/\/www.wellongpack.com\/de\/wp-json\/wp\/v2\/product_tag?post=9812"}],"curies":[{"name":"wp","href":"https:\/\/api.w.org\/{rel}","templated":true}]}}