
{"id":9807,"date":"2023-06-01T12:56:26","date_gmt":"2023-06-01T04:56:26","guid":{"rendered":"http:\/\/75.webs.svipwebs.com\/?post_type=product&#038;p=9807"},"modified":"2023-06-01T12:56:26","modified_gmt":"2023-06-01T04:56:26","slug":"bamboo-cone","status":"publish","type":"product","link":"https:\/\/www.wellongpack.com\/de\/produkt\/bambuszapfen\/","title":{"rendered":"Bambus-Kegel"},"content":{"rendered":"<p>Dieser Kegel ist aus Bambus gefertigt, um ihn f\u00fcr den Gebrauch haltbar zu machen. Die sich verj\u00fcngenden R\u00e4nder halten das Essen in Schach. Verwenden Sie diese T\u00fcte bei Ihrer Veranstaltung f\u00fcr einen auff\u00e4lligen und umweltfreundlichen Auftritt!<\/p>\n<p><img loading=\"lazy\" decoding=\"async\" class=\"alignnone size-full wp-image-9808\" src=\"https:\/\/www.wellongpack.com\/wp-content\/uploads\/2023\/06\/148efc42ba430d29c41659e1a71574ef_202003051349493625695.jpg\" alt=\"\" width=\"800\" height=\"800\" srcset=\"https:\/\/www.wellongpack.com\/wp-content\/uploads\/2023\/06\/148efc42ba430d29c41659e1a71574ef_202003051349493625695.jpg 800w, https:\/\/www.wellongpack.com\/wp-content\/uploads\/2023\/06\/148efc42ba430d29c41659e1a71574ef_202003051349493625695-430x430.jpg 430w, https:\/\/www.wellongpack.com\/wp-content\/uploads\/2023\/06\/148efc42ba430d29c41659e1a71574ef_202003051349493625695-150x150.jpg 150w, https:\/\/www.wellongpack.com\/wp-content\/uploads\/2023\/06\/148efc42ba430d29c41659e1a71574ef_202003051349493625695-700x700.jpg 700w, https:\/\/www.wellongpack.com\/wp-content\/uploads\/2023\/06\/148efc42ba430d29c41659e1a71574ef_202003051349493625695-300x300.jpg 300w, https:\/\/www.wellongpack.com\/wp-content\/uploads\/2023\/06\/148efc42ba430d29c41659e1a71574ef_202003051349493625695-768x768.jpg 768w\" sizes=\"auto, (max-width: 800px) 100vw, 800px\" \/> <img loading=\"lazy\" decoding=\"async\" class=\"alignnone size-full wp-image-9809\" src=\"https:\/\/www.wellongpack.com\/wp-content\/uploads\/2023\/06\/949c454ddb16de2d75e91b14c144d18a_s-l300.jpg\" alt=\"\" width=\"300\" height=\"300\" srcset=\"https:\/\/www.wellongpack.com\/wp-content\/uploads\/2023\/06\/949c454ddb16de2d75e91b14c144d18a_s-l300.jpg 300w, https:\/\/www.wellongpack.com\/wp-content\/uploads\/2023\/06\/949c454ddb16de2d75e91b14c144d18a_s-l300-150x150.jpg 150w\" sizes=\"auto, (max-width: 300px) 100vw, 300px\" \/> <img loading=\"lazy\" decoding=\"async\" class=\"alignnone size-full wp-image-9810\" src=\"https:\/\/www.wellongpack.com\/wp-content\/uploads\/2023\/06\/9282ae91aad2adbaa315d27e46b0bc90_202003051358488553305.jpg\" alt=\"\" width=\"800\" height=\"800\" srcset=\"https:\/\/www.wellongpack.com\/wp-content\/uploads\/2023\/06\/9282ae91aad2adbaa315d27e46b0bc90_202003051358488553305.jpg 800w, https:\/\/www.wellongpack.com\/wp-content\/uploads\/2023\/06\/9282ae91aad2adbaa315d27e46b0bc90_202003051358488553305-430x430.jpg 430w, https:\/\/www.wellongpack.com\/wp-content\/uploads\/2023\/06\/9282ae91aad2adbaa315d27e46b0bc90_202003051358488553305-150x150.jpg 150w, https:\/\/www.wellongpack.com\/wp-content\/uploads\/2023\/06\/9282ae91aad2adbaa315d27e46b0bc90_202003051358488553305-700x700.jpg 700w, https:\/\/www.wellongpack.com\/wp-content\/uploads\/2023\/06\/9282ae91aad2adbaa315d27e46b0bc90_202003051358488553305-300x300.jpg 300w, https:\/\/www.wellongpack.com\/wp-content\/uploads\/2023\/06\/9282ae91aad2adbaa315d27e46b0bc90_202003051358488553305-768x768.jpg 768w\" sizes=\"auto, (max-width: 800px) 100vw, 800px\" \/><\/p>","protected":false},"excerpt":{"rendered":"<p>This cone features a bamboo construction to make it durable during use. Its tapered edges help keep the food contained.<\/p>","protected":false},"featured_media":9808,"comment_status":"open","ping_status":"closed","template":"","meta":[],"product_cat":[135,124],"product_tag":[],"class_list":["post-9807","product","type-product","status-publish","has-post-thumbnail","hentry","product_cat-bamboo-tableware","product_cat-sustainability-packaging"],"_links":{"self":[{"href":"https:\/\/www.wellongpack.com\/de\/wp-json\/wp\/v2\/product\/9807","targetHints":{"allow":["GET"]}}],"collection":[{"href":"https:\/\/www.wellongpack.com\/de\/wp-json\/wp\/v2\/product"}],"about":[{"href":"https:\/\/www.wellongpack.com\/de\/wp-json\/wp\/v2\/types\/product"}],"replies":[{"embeddable":true,"href":"https:\/\/www.wellongpack.com\/de\/wp-json\/wp\/v2\/comments?post=9807"}],"version-history":[{"count":1,"href":"https:\/\/www.wellongpack.com\/de\/wp-json\/wp\/v2\/product\/9807\/revisions"}],"predecessor-version":[{"id":9811,"href":"https:\/\/www.wellongpack.com\/de\/wp-json\/wp\/v2\/product\/9807\/revisions\/9811"}],"wp:featuredmedia":[{"embeddable":true,"href":"https:\/\/www.wellongpack.com\/de\/wp-json\/wp\/v2\/media\/9808"}],"wp:attachment":[{"href":"https:\/\/www.wellongpack.com\/de\/wp-json\/wp\/v2\/media?parent=9807"}],"wp:term":[{"taxonomy":"product_cat","embeddable":true,"href":"https:\/\/www.wellongpack.com\/de\/wp-json\/wp\/v2\/product_cat?post=9807"},{"taxonomy":"product_tag","embeddable":true,"href":"https:\/\/www.wellongpack.com\/de\/wp-json\/wp\/v2\/product_tag?post=9807"}],"curies":[{"name":"wp","href":"https:\/\/api.w.org\/{rel}","templated":true}]}}