
{"id":9802,"date":"2023-06-01T12:55:24","date_gmt":"2023-06-01T04:55:24","guid":{"rendered":"http:\/\/75.webs.svipwebs.com\/?post_type=product&#038;p=9802"},"modified":"2023-06-01T12:55:25","modified_gmt":"2023-06-01T04:55:25","slug":"bamboo-coffee-stirrer","status":"publish","type":"product","link":"https:\/\/www.wellongpack.com\/de\/produkt\/bambus-kaffeeruhrer\/","title":{"rendered":"Kaffeer\u00fchrer aus Bambus"},"content":{"rendered":"<p>Diese umweltfreundlichen R\u00fchrst\u00e4bchen aus Bambus sind die perfekte, qualitativ hochwertige Option f\u00fcr Ihren Coffeeshop, Convenience Store, Imbissstand oder Warteraum, denn sie sind stabiler und haltbarer als vergleichbare R\u00fchrst\u00e4bchen aus Holz.<\/p>\n<p><img loading=\"lazy\" decoding=\"async\" class=\"alignnone size-full wp-image-9803\" src=\"https:\/\/www.wellongpack.com\/wp-content\/uploads\/2023\/06\/1-36.jpg\" alt=\"\" width=\"500\" height=\"500\" srcset=\"https:\/\/www.wellongpack.com\/wp-content\/uploads\/2023\/06\/1-36.jpg 500w, https:\/\/www.wellongpack.com\/wp-content\/uploads\/2023\/06\/1-36-430x430.jpg 430w, https:\/\/www.wellongpack.com\/wp-content\/uploads\/2023\/06\/1-36-150x150.jpg 150w, https:\/\/www.wellongpack.com\/wp-content\/uploads\/2023\/06\/1-36-300x300.jpg 300w\" sizes=\"auto, (max-width: 500px) 100vw, 500px\" \/> <img loading=\"lazy\" decoding=\"async\" class=\"alignnone size-full wp-image-9804\" src=\"https:\/\/www.wellongpack.com\/wp-content\/uploads\/2023\/06\/2-34.jpg\" alt=\"\" width=\"750\" height=\"576\" srcset=\"https:\/\/www.wellongpack.com\/wp-content\/uploads\/2023\/06\/2-34.jpg 750w, https:\/\/www.wellongpack.com\/wp-content\/uploads\/2023\/06\/2-34-430x330.jpg 430w, https:\/\/www.wellongpack.com\/wp-content\/uploads\/2023\/06\/2-34-150x115.jpg 150w, https:\/\/www.wellongpack.com\/wp-content\/uploads\/2023\/06\/2-34-700x538.jpg 700w, https:\/\/www.wellongpack.com\/wp-content\/uploads\/2023\/06\/2-34-391x300.jpg 391w\" sizes=\"auto, (max-width: 750px) 100vw, 750px\" \/> <img loading=\"lazy\" decoding=\"async\" class=\"alignnone size-full wp-image-9805\" src=\"https:\/\/www.wellongpack.com\/wp-content\/uploads\/2023\/06\/3-27.jpg\" alt=\"\" width=\"450\" height=\"450\" srcset=\"https:\/\/www.wellongpack.com\/wp-content\/uploads\/2023\/06\/3-27.jpg 450w, https:\/\/www.wellongpack.com\/wp-content\/uploads\/2023\/06\/3-27-430x430.jpg 430w, https:\/\/www.wellongpack.com\/wp-content\/uploads\/2023\/06\/3-27-150x150.jpg 150w, https:\/\/www.wellongpack.com\/wp-content\/uploads\/2023\/06\/3-27-300x300.jpg 300w\" sizes=\"auto, (max-width: 450px) 100vw, 450px\" \/><\/p>","protected":false},"excerpt":{"rendered":"<p>These eco-friendly bamboo stirrers are the perfect, high-quality option for your coffee shop, convenience store, concession stand, or waiting room.These<\/p>","protected":false},"featured_media":9803,"comment_status":"open","ping_status":"closed","template":"","meta":[],"product_cat":[135,124],"product_tag":[],"class_list":["post-9802","product","type-product","status-publish","has-post-thumbnail","hentry","product_cat-bamboo-tableware","product_cat-sustainability-packaging"],"_links":{"self":[{"href":"https:\/\/www.wellongpack.com\/de\/wp-json\/wp\/v2\/product\/9802","targetHints":{"allow":["GET"]}}],"collection":[{"href":"https:\/\/www.wellongpack.com\/de\/wp-json\/wp\/v2\/product"}],"about":[{"href":"https:\/\/www.wellongpack.com\/de\/wp-json\/wp\/v2\/types\/product"}],"replies":[{"embeddable":true,"href":"https:\/\/www.wellongpack.com\/de\/wp-json\/wp\/v2\/comments?post=9802"}],"version-history":[{"count":1,"href":"https:\/\/www.wellongpack.com\/de\/wp-json\/wp\/v2\/product\/9802\/revisions"}],"predecessor-version":[{"id":9806,"href":"https:\/\/www.wellongpack.com\/de\/wp-json\/wp\/v2\/product\/9802\/revisions\/9806"}],"wp:featuredmedia":[{"embeddable":true,"href":"https:\/\/www.wellongpack.com\/de\/wp-json\/wp\/v2\/media\/9803"}],"wp:attachment":[{"href":"https:\/\/www.wellongpack.com\/de\/wp-json\/wp\/v2\/media?parent=9802"}],"wp:term":[{"taxonomy":"product_cat","embeddable":true,"href":"https:\/\/www.wellongpack.com\/de\/wp-json\/wp\/v2\/product_cat?post=9802"},{"taxonomy":"product_tag","embeddable":true,"href":"https:\/\/www.wellongpack.com\/de\/wp-json\/wp\/v2\/product_tag?post=9802"}],"curies":[{"name":"wp","href":"https:\/\/api.w.org\/{rel}","templated":true}]}}