
{"id":9769,"date":"2023-06-01T12:43:28","date_gmt":"2023-06-01T04:43:28","guid":{"rendered":"http:\/\/75.webs.svipwebs.com\/?post_type=product&#038;p=9769"},"modified":"2023-06-01T12:43:28","modified_gmt":"2023-06-01T04:43:28","slug":"bagasse-food-tray-2","status":"publish","type":"product","link":"https:\/\/www.wellongpack.com\/de\/produkt\/bagasse-lebensmittel-tablett-2\/","title":{"rendered":"Bagasse-Lebensmitteltablett"},"content":{"rendered":"<p>Diese Bagasse-Fleischschale ist auslaufsicher und verf\u00fcgt \u00fcber eine biobasierte Auskleidung, die das Auslaufen von Lebensmitteln verhindert und sie frisch h\u00e4lt. Sie ist haltbar genug, um einer Vielzahl von Fleischsorten und Konsistenzen standzuhalten, und l\u00e4sst sich dennoch bequem entsorgen. Diese umweltfreundliche Schale eignet sich hervorragend f\u00fcr Feinkostl\u00e4den, Lebensmittelgesch\u00e4fte und Restaurants zum Mitnehmen und tr\u00e4gt dazu bei, den CO2-Fu\u00dfabdruck Ihrer Einrichtung zu verringern.<\/p>\n<p><img loading=\"lazy\" decoding=\"async\" class=\"alignnone size-full wp-image-9770\" src=\"https:\/\/www.wellongpack.com\/wp-content\/uploads\/2023\/06\/1-31.jpg\" alt=\"\" width=\"960\" height=\"960\" srcset=\"https:\/\/www.wellongpack.com\/wp-content\/uploads\/2023\/06\/1-31.jpg 960w, https:\/\/www.wellongpack.com\/wp-content\/uploads\/2023\/06\/1-31-430x430.jpg 430w, https:\/\/www.wellongpack.com\/wp-content\/uploads\/2023\/06\/1-31-150x150.jpg 150w, https:\/\/www.wellongpack.com\/wp-content\/uploads\/2023\/06\/1-31-700x700.jpg 700w, https:\/\/www.wellongpack.com\/wp-content\/uploads\/2023\/06\/1-31-300x300.jpg 300w, https:\/\/www.wellongpack.com\/wp-content\/uploads\/2023\/06\/1-31-800x800.jpg 800w, https:\/\/www.wellongpack.com\/wp-content\/uploads\/2023\/06\/1-31-768x768.jpg 768w, https:\/\/www.wellongpack.com\/wp-content\/uploads\/2023\/06\/1-31-860x860.jpg 860w\" sizes=\"auto, (max-width: 960px) 100vw, 960px\" \/> <img loading=\"lazy\" decoding=\"async\" class=\"alignnone size-full wp-image-9773\" src=\"https:\/\/www.wellongpack.com\/wp-content\/uploads\/2023\/06\/2-29.jpg\" alt=\"\" width=\"600\" height=\"600\" srcset=\"https:\/\/www.wellongpack.com\/wp-content\/uploads\/2023\/06\/2-29.jpg 600w, https:\/\/www.wellongpack.com\/wp-content\/uploads\/2023\/06\/2-29-430x430.jpg 430w, https:\/\/www.wellongpack.com\/wp-content\/uploads\/2023\/06\/2-29-150x150.jpg 150w, https:\/\/www.wellongpack.com\/wp-content\/uploads\/2023\/06\/2-29-300x300.jpg 300w\" sizes=\"auto, (max-width: 600px) 100vw, 600px\" \/> <img loading=\"lazy\" decoding=\"async\" class=\"alignnone size-full wp-image-9774\" src=\"https:\/\/www.wellongpack.com\/wp-content\/uploads\/2023\/06\/3-24.jpg\" alt=\"\" width=\"600\" height=\"600\" srcset=\"https:\/\/www.wellongpack.com\/wp-content\/uploads\/2023\/06\/3-24.jpg 600w, https:\/\/www.wellongpack.com\/wp-content\/uploads\/2023\/06\/3-24-430x430.jpg 430w, https:\/\/www.wellongpack.com\/wp-content\/uploads\/2023\/06\/3-24-150x150.jpg 150w, https:\/\/www.wellongpack.com\/wp-content\/uploads\/2023\/06\/3-24-300x300.jpg 300w\" sizes=\"auto, (max-width: 600px) 100vw, 600px\" \/><\/p>","protected":false},"excerpt":{"rendered":"<p>This Bagasse meat tray features a soak-proof design with a bio-based liner to prevent leakage and keep food fresh. It<\/p>","protected":false},"featured_media":9770,"comment_status":"open","ping_status":"closed","template":"","meta":[],"product_cat":[132,125,124],"product_tag":[],"class_list":["post-9769","product","type-product","status-publish","has-post-thumbnail","hentry","product_cat-bagasse-tray-bagassesugarcane-products-sustainability-packaging","product_cat-bagassesugarcane-products-sustainability-packaging","product_cat-sustainability-packaging"],"_links":{"self":[{"href":"https:\/\/www.wellongpack.com\/de\/wp-json\/wp\/v2\/product\/9769","targetHints":{"allow":["GET"]}}],"collection":[{"href":"https:\/\/www.wellongpack.com\/de\/wp-json\/wp\/v2\/product"}],"about":[{"href":"https:\/\/www.wellongpack.com\/de\/wp-json\/wp\/v2\/types\/product"}],"replies":[{"embeddable":true,"href":"https:\/\/www.wellongpack.com\/de\/wp-json\/wp\/v2\/comments?post=9769"}],"version-history":[{"count":1,"href":"https:\/\/www.wellongpack.com\/de\/wp-json\/wp\/v2\/product\/9769\/revisions"}],"predecessor-version":[{"id":9775,"href":"https:\/\/www.wellongpack.com\/de\/wp-json\/wp\/v2\/product\/9769\/revisions\/9775"}],"wp:featuredmedia":[{"embeddable":true,"href":"https:\/\/www.wellongpack.com\/de\/wp-json\/wp\/v2\/media\/9770"}],"wp:attachment":[{"href":"https:\/\/www.wellongpack.com\/de\/wp-json\/wp\/v2\/media?parent=9769"}],"wp:term":[{"taxonomy":"product_cat","embeddable":true,"href":"https:\/\/www.wellongpack.com\/de\/wp-json\/wp\/v2\/product_cat?post=9769"},{"taxonomy":"product_tag","embeddable":true,"href":"https:\/\/www.wellongpack.com\/de\/wp-json\/wp\/v2\/product_tag?post=9769"}],"curies":[{"name":"wp","href":"https:\/\/api.w.org\/{rel}","templated":true}]}}