
{"id":9449,"date":"2023-05-24T10:48:25","date_gmt":"2023-05-24T02:48:25","guid":{"rendered":"http:\/\/75.webs.svipwebs.com\/?post_type=product&#038;p=9449"},"modified":"2023-05-24T10:48:25","modified_gmt":"2023-05-24T02:48:25","slug":"pet-clamshell-round-container","status":"publish","type":"product","link":"https:\/\/www.wellongpack.com\/de\/produkt\/haustier-schalen-rundcontainer\/","title":{"rendered":"PET Clamshell Rundbeh\u00e4lter"},"content":{"rendered":"","protected":false},"excerpt":{"rendered":"<p>Dieser runde, durchsichtige Beh\u00e4lter aus ultraklarem PET-Kunststoff ist robust und widerstandsf\u00e4hig. Da dieser Beh\u00e4lter komplett durchsichtig ist, eignet er sich perfekt, um die leuchtenden Farben Ihrer Fr\u00fcchte, Nudeln, Salate und Saucen zur Geltung zu bringen und sie f\u00fcr Kunden attraktiver zu machen.<\/p>","protected":false},"featured_media":9450,"comment_status":"open","ping_status":"closed","template":"","meta":[],"product_cat":[119],"product_tag":[],"class_list":["post-9449","product","type-product","status-publish","has-post-thumbnail","hentry","product_cat-pet-containerbowl"],"_links":{"self":[{"href":"https:\/\/www.wellongpack.com\/de\/wp-json\/wp\/v2\/product\/9449","targetHints":{"allow":["GET"]}}],"collection":[{"href":"https:\/\/www.wellongpack.com\/de\/wp-json\/wp\/v2\/product"}],"about":[{"href":"https:\/\/www.wellongpack.com\/de\/wp-json\/wp\/v2\/types\/product"}],"replies":[{"embeddable":true,"href":"https:\/\/www.wellongpack.com\/de\/wp-json\/wp\/v2\/comments?post=9449"}],"version-history":[{"count":1,"href":"https:\/\/www.wellongpack.com\/de\/wp-json\/wp\/v2\/product\/9449\/revisions"}],"predecessor-version":[{"id":9458,"href":"https:\/\/www.wellongpack.com\/de\/wp-json\/wp\/v2\/product\/9449\/revisions\/9458"}],"wp:featuredmedia":[{"embeddable":true,"href":"https:\/\/www.wellongpack.com\/de\/wp-json\/wp\/v2\/media\/9450"}],"wp:attachment":[{"href":"https:\/\/www.wellongpack.com\/de\/wp-json\/wp\/v2\/media?parent=9449"}],"wp:term":[{"taxonomy":"product_cat","embeddable":true,"href":"https:\/\/www.wellongpack.com\/de\/wp-json\/wp\/v2\/product_cat?post=9449"},{"taxonomy":"product_tag","embeddable":true,"href":"https:\/\/www.wellongpack.com\/de\/wp-json\/wp\/v2\/product_tag?post=9449"}],"curies":[{"name":"wp","href":"https:\/\/api.w.org\/{rel}","templated":true}]}}