
{"id":9431,"date":"2023-05-24T10:38:41","date_gmt":"2023-05-24T02:38:41","guid":{"rendered":"http:\/\/75.webs.svipwebs.com\/?post_type=product&#038;p=9431"},"modified":"2023-05-24T10:38:42","modified_gmt":"2023-05-24T02:38:42","slug":"sos-paper-bag","status":"publish","type":"product","link":"https:\/\/www.wellongpack.com\/de\/produkt\/sos-papiertute\/","title":{"rendered":"SOS-Papiert\u00fcte"},"content":{"rendered":"","protected":false},"excerpt":{"rendered":"<p>Diese Papiert\u00fcte bietet eine einfache M\u00f6glichkeit f\u00fcr den Transport von frittierten Lebensmitteln oder Backwaren. Sie ist sogar sicher f\u00fcr hei\u00dfes Essen direkt aus der Fritteuse! Diese T\u00fcte eignet sich hervorragend zum Servieren von Fast Food wie Pommes frites, Zwiebelringen und Mozzarella-Sticks bis hin zu einer Auswahl an Backwaren wie Donuts, Muffins und Bagels.<\/p>","protected":false},"featured_media":9432,"comment_status":"open","ping_status":"closed","template":"","meta":[],"product_cat":[117],"product_tag":[],"class_list":["post-9431","product","type-product","status-publish","has-post-thumbnail","hentry","product_cat-paper-bag"],"_links":{"self":[{"href":"https:\/\/www.wellongpack.com\/de\/wp-json\/wp\/v2\/product\/9431","targetHints":{"allow":["GET"]}}],"collection":[{"href":"https:\/\/www.wellongpack.com\/de\/wp-json\/wp\/v2\/product"}],"about":[{"href":"https:\/\/www.wellongpack.com\/de\/wp-json\/wp\/v2\/types\/product"}],"replies":[{"embeddable":true,"href":"https:\/\/www.wellongpack.com\/de\/wp-json\/wp\/v2\/comments?post=9431"}],"version-history":[{"count":1,"href":"https:\/\/www.wellongpack.com\/de\/wp-json\/wp\/v2\/product\/9431\/revisions"}],"predecessor-version":[{"id":9439,"href":"https:\/\/www.wellongpack.com\/de\/wp-json\/wp\/v2\/product\/9431\/revisions\/9439"}],"wp:featuredmedia":[{"embeddable":true,"href":"https:\/\/www.wellongpack.com\/de\/wp-json\/wp\/v2\/media\/9432"}],"wp:attachment":[{"href":"https:\/\/www.wellongpack.com\/de\/wp-json\/wp\/v2\/media?parent=9431"}],"wp:term":[{"taxonomy":"product_cat","embeddable":true,"href":"https:\/\/www.wellongpack.com\/de\/wp-json\/wp\/v2\/product_cat?post=9431"},{"taxonomy":"product_tag","embeddable":true,"href":"https:\/\/www.wellongpack.com\/de\/wp-json\/wp\/v2\/product_tag?post=9431"}],"curies":[{"name":"wp","href":"https:\/\/api.w.org\/{rel}","templated":true}]}}