
{"id":9403,"date":"2023-05-24T10:35:15","date_gmt":"2023-05-24T02:35:15","guid":{"rendered":"http:\/\/75.webs.svipwebs.com\/?post_type=product&#038;p=9403"},"modified":"2023-05-24T10:35:15","modified_gmt":"2023-05-24T02:35:15","slug":"paper-bag-with-handle","status":"publish","type":"product","link":"https:\/\/www.wellongpack.com\/de\/produkt\/papiertute-mit-griff\/","title":{"rendered":"Papiert\u00fcte mit Tragegriff"},"content":{"rendered":"","protected":false},"excerpt":{"rendered":"<p>Diese Tasche verf\u00fcgt \u00fcber robuste Griffe, damit die Eink\u00e4ufe der Kunden einfach und leicht zu tragen sind. Der rechteckige Boden der Tasche sorgt f\u00fcr einen sicheren und aufrechten Stand und sch\u00fctzt den Inhalt.<\/p>","protected":false},"featured_media":9404,"comment_status":"open","ping_status":"closed","template":"","meta":[],"product_cat":[117],"product_tag":[],"class_list":["post-9403","product","type-product","status-publish","has-post-thumbnail","hentry","product_cat-paper-bag"],"_links":{"self":[{"href":"https:\/\/www.wellongpack.com\/de\/wp-json\/wp\/v2\/product\/9403","targetHints":{"allow":["GET"]}}],"collection":[{"href":"https:\/\/www.wellongpack.com\/de\/wp-json\/wp\/v2\/product"}],"about":[{"href":"https:\/\/www.wellongpack.com\/de\/wp-json\/wp\/v2\/types\/product"}],"replies":[{"embeddable":true,"href":"https:\/\/www.wellongpack.com\/de\/wp-json\/wp\/v2\/comments?post=9403"}],"version-history":[{"count":1,"href":"https:\/\/www.wellongpack.com\/de\/wp-json\/wp\/v2\/product\/9403\/revisions"}],"predecessor-version":[{"id":9415,"href":"https:\/\/www.wellongpack.com\/de\/wp-json\/wp\/v2\/product\/9403\/revisions\/9415"}],"wp:featuredmedia":[{"embeddable":true,"href":"https:\/\/www.wellongpack.com\/de\/wp-json\/wp\/v2\/media\/9404"}],"wp:attachment":[{"href":"https:\/\/www.wellongpack.com\/de\/wp-json\/wp\/v2\/media?parent=9403"}],"wp:term":[{"taxonomy":"product_cat","embeddable":true,"href":"https:\/\/www.wellongpack.com\/de\/wp-json\/wp\/v2\/product_cat?post=9403"},{"taxonomy":"product_tag","embeddable":true,"href":"https:\/\/www.wellongpack.com\/de\/wp-json\/wp\/v2\/product_tag?post=9403"}],"curies":[{"name":"wp","href":"https:\/\/api.w.org\/{rel}","templated":true}]}}