
{"id":9316,"date":"2023-05-24T10:11:48","date_gmt":"2023-05-24T02:11:48","guid":{"rendered":"http:\/\/75.webs.svipwebs.com\/?post_type=product&#038;p=9316"},"modified":"2023-05-24T10:11:48","modified_gmt":"2023-05-24T02:11:48","slug":"wicket-fruit-and-vegetable-bag-with-vent-holes","status":"publish","type":"product","link":"https:\/\/www.wellongpack.com\/de\/produkt\/wicket-fruit-and-vegetable-bag-with-vent-holes\/","title":{"rendered":"Wicket Obst- und Gem\u00fcsetasche mit Bel\u00fcftungsl\u00f6chern"},"content":{"rendered":"","protected":false},"excerpt":{"rendered":"<p>Entl\u00fcftungsloch <a href=\"mailto:Bagplastics@vip.163.com?subject=I want to order quantity, size, print&amp;body=Size is width, length; Quantity is? Print show as picture\">Fruit Bags ist ein atmungsaktiver Kunststoff-Verpackungsbeutel, der haupts\u00e4chlich f\u00fcr die Verpackung von Obst und Gem\u00fcse verwendet wird und die Frischhaltezeit um mindestens zwei Wochen verl\u00e4ngern kann. Dieses Paket hat auch eine Anti-Beschlag-Funktion, sind speziell entwickelt.<\/a><\/p>","protected":false},"featured_media":9317,"comment_status":"open","ping_status":"closed","template":"","meta":[],"product_cat":[114],"product_tag":[],"class_list":["post-9316","product","type-product","status-publish","has-post-thumbnail","hentry","product_cat-vent-hole-fresh-bag"],"_links":{"self":[{"href":"https:\/\/www.wellongpack.com\/de\/wp-json\/wp\/v2\/product\/9316","targetHints":{"allow":["GET"]}}],"collection":[{"href":"https:\/\/www.wellongpack.com\/de\/wp-json\/wp\/v2\/product"}],"about":[{"href":"https:\/\/www.wellongpack.com\/de\/wp-json\/wp\/v2\/types\/product"}],"replies":[{"embeddable":true,"href":"https:\/\/www.wellongpack.com\/de\/wp-json\/wp\/v2\/comments?post=9316"}],"version-history":[{"count":1,"href":"https:\/\/www.wellongpack.com\/de\/wp-json\/wp\/v2\/product\/9316\/revisions"}],"predecessor-version":[{"id":9321,"href":"https:\/\/www.wellongpack.com\/de\/wp-json\/wp\/v2\/product\/9316\/revisions\/9321"}],"wp:featuredmedia":[{"embeddable":true,"href":"https:\/\/www.wellongpack.com\/de\/wp-json\/wp\/v2\/media\/9317"}],"wp:attachment":[{"href":"https:\/\/www.wellongpack.com\/de\/wp-json\/wp\/v2\/media?parent=9316"}],"wp:term":[{"taxonomy":"product_cat","embeddable":true,"href":"https:\/\/www.wellongpack.com\/de\/wp-json\/wp\/v2\/product_cat?post=9316"},{"taxonomy":"product_tag","embeddable":true,"href":"https:\/\/www.wellongpack.com\/de\/wp-json\/wp\/v2\/product_tag?post=9316"}],"curies":[{"name":"wp","href":"https:\/\/api.w.org\/{rel}","templated":true}]}}