
{"id":9181,"date":"2023-05-24T09:48:00","date_gmt":"2023-05-24T01:48:00","guid":{"rendered":"http:\/\/75.webs.svipwebs.com\/?post_type=product&#038;p=9181"},"modified":"2023-06-13T15:08:19","modified_gmt":"2023-06-13T07:08:19","slug":"bagasse-cup%ef%bc%86lids","status":"publish","type":"product","link":"https:\/\/www.wellongpack.com\/de\/produkt\/bagasse-becher\uff06deckel-2\/","title":{"rendered":"Bagasse-Becher\uff06Deckel"},"content":{"rendered":"<p>Diese\u00a0<strong><b>Deckel von Zuckerrohrbechern<\/b><\/strong>\u00a0sind im Handel kompostierbar und biologisch abbaubar, was die Reinigung vereinfacht und die Umwelt schont. Diese kompostierbaren Deckel mit wei\u00dfer Oberfl\u00e4che und flachem Design sind auslaufsicher und lassen sich leicht auf Bagasse-Becher auf- und abstecken, um unsch\u00f6nes Versch\u00fctten zu verhindern.<\/p>\n<p>&nbsp;<\/p>","protected":false},"excerpt":{"rendered":"<p>These\u00a0sugarcane cup lids\u00a0are commercially compostable and biodegradable, making it easy to streamline cleaning and be earth-friendly. Featuring a white finish<\/p>","protected":false},"featured_media":9182,"comment_status":"open","ping_status":"closed","template":"","meta":[],"product_cat":[108],"product_tag":[],"class_list":["post-9181","product","type-product","status-publish","has-post-thumbnail","hentry","product_cat-cups-and-lids"],"_links":{"self":[{"href":"https:\/\/www.wellongpack.com\/de\/wp-json\/wp\/v2\/product\/9181","targetHints":{"allow":["GET"]}}],"collection":[{"href":"https:\/\/www.wellongpack.com\/de\/wp-json\/wp\/v2\/product"}],"about":[{"href":"https:\/\/www.wellongpack.com\/de\/wp-json\/wp\/v2\/types\/product"}],"replies":[{"embeddable":true,"href":"https:\/\/www.wellongpack.com\/de\/wp-json\/wp\/v2\/comments?post=9181"}],"version-history":[{"count":3,"href":"https:\/\/www.wellongpack.com\/de\/wp-json\/wp\/v2\/product\/9181\/revisions"}],"predecessor-version":[{"id":10744,"href":"https:\/\/www.wellongpack.com\/de\/wp-json\/wp\/v2\/product\/9181\/revisions\/10744"}],"wp:featuredmedia":[{"embeddable":true,"href":"https:\/\/www.wellongpack.com\/de\/wp-json\/wp\/v2\/media\/9182"}],"wp:attachment":[{"href":"https:\/\/www.wellongpack.com\/de\/wp-json\/wp\/v2\/media?parent=9181"}],"wp:term":[{"taxonomy":"product_cat","embeddable":true,"href":"https:\/\/www.wellongpack.com\/de\/wp-json\/wp\/v2\/product_cat?post=9181"},{"taxonomy":"product_tag","embeddable":true,"href":"https:\/\/www.wellongpack.com\/de\/wp-json\/wp\/v2\/product_tag?post=9181"}],"curies":[{"name":"wp","href":"https:\/\/api.w.org\/{rel}","templated":true}]}}