
{"id":9144,"date":"2023-05-24T09:37:31","date_gmt":"2023-05-24T01:37:31","guid":{"rendered":"http:\/\/75.webs.svipwebs.com\/?post_type=product&#038;p=9144"},"modified":"2023-05-24T09:37:32","modified_gmt":"2023-05-24T01:37:32","slug":"fold-pak-noodle-box-with-wire","status":"publish","type":"product","link":"https:\/\/www.wellongpack.com\/de\/produkt\/faltbare-nudelbox-mit-draht\/","title":{"rendered":"Fold-pak Nudelbox mit Draht"},"content":{"rendered":"","protected":false},"excerpt":{"rendered":"<p>Dieser Beh\u00e4lter wird h\u00e4ufig in chinesischen\/asiatischen Restaurants verwendet, kann aber f\u00fcr fast alle Produkte eingesetzt werden. Seine auslaufsichere und fettbest\u00e4ndige Verpackung h\u00e4lt hei\u00dfe, kalte, nasse oder trockene Lebensmittel frisch; das praktische einteilige Design dieses Beh\u00e4lters bewahrt die Frische, indem es die W\u00e4rme speichert und den Dampf ableitet. Der Drahtgriff erleichtert das Tragen dieses Beh\u00e4lters.<\/p>","protected":false},"featured_media":9145,"comment_status":"open","ping_status":"closed","template":"","meta":[],"product_cat":[106],"product_tag":[],"class_list":["post-9144","product","type-product","status-publish","has-post-thumbnail","hentry","product_cat-noodle-box"],"_links":{"self":[{"href":"https:\/\/www.wellongpack.com\/de\/wp-json\/wp\/v2\/product\/9144","targetHints":{"allow":["GET"]}}],"collection":[{"href":"https:\/\/www.wellongpack.com\/de\/wp-json\/wp\/v2\/product"}],"about":[{"href":"https:\/\/www.wellongpack.com\/de\/wp-json\/wp\/v2\/types\/product"}],"replies":[{"embeddable":true,"href":"https:\/\/www.wellongpack.com\/de\/wp-json\/wp\/v2\/comments?post=9144"}],"version-history":[{"count":1,"href":"https:\/\/www.wellongpack.com\/de\/wp-json\/wp\/v2\/product\/9144\/revisions"}],"predecessor-version":[{"id":9151,"href":"https:\/\/www.wellongpack.com\/de\/wp-json\/wp\/v2\/product\/9144\/revisions\/9151"}],"wp:featuredmedia":[{"embeddable":true,"href":"https:\/\/www.wellongpack.com\/de\/wp-json\/wp\/v2\/media\/9145"}],"wp:attachment":[{"href":"https:\/\/www.wellongpack.com\/de\/wp-json\/wp\/v2\/media?parent=9144"}],"wp:term":[{"taxonomy":"product_cat","embeddable":true,"href":"https:\/\/www.wellongpack.com\/de\/wp-json\/wp\/v2\/product_cat?post=9144"},{"taxonomy":"product_tag","embeddable":true,"href":"https:\/\/www.wellongpack.com\/de\/wp-json\/wp\/v2\/product_tag?post=9144"}],"curies":[{"name":"wp","href":"https:\/\/api.w.org\/{rel}","templated":true}]}}