
{"id":9117,"date":"2023-05-24T09:30:01","date_gmt":"2023-05-24T01:30:01","guid":{"rendered":"http:\/\/75.webs.svipwebs.com\/?post_type=product&#038;p=9117"},"modified":"2023-05-24T09:30:02","modified_gmt":"2023-05-24T01:30:02","slug":"lunch-box4","status":"publish","type":"product","link":"https:\/\/www.wellongpack.com\/de\/produkt\/brotdose4\/","title":{"rendered":"Brotdose4"},"content":{"rendered":"","protected":false},"excerpt":{"rendered":"<p>Dieser umweltfreundliche Takeout-Beh\u00e4lter aus strapazierf\u00e4higer Pappe ist schnitt- und auslaufsicher, so dass Sie Gerichte mit So\u00dfen und Bratenso\u00dfen unbesorgt nach drau\u00dfen schicken k\u00f6nnen. Dieser Beh\u00e4lter ist f\u00fcr hei\u00dfe und kalte Speisen geeignet, vertr\u00e4gt m\u00e4\u00dfige Hitze und speichert die W\u00e4rme.<\/p>","protected":false},"featured_media":9118,"comment_status":"open","ping_status":"closed","template":"","meta":[],"product_cat":[105],"product_tag":[],"class_list":["post-9117","product","type-product","status-publish","has-post-thumbnail","hentry","product_cat-fast-food-box"],"_links":{"self":[{"href":"https:\/\/www.wellongpack.com\/de\/wp-json\/wp\/v2\/product\/9117","targetHints":{"allow":["GET"]}}],"collection":[{"href":"https:\/\/www.wellongpack.com\/de\/wp-json\/wp\/v2\/product"}],"about":[{"href":"https:\/\/www.wellongpack.com\/de\/wp-json\/wp\/v2\/types\/product"}],"replies":[{"embeddable":true,"href":"https:\/\/www.wellongpack.com\/de\/wp-json\/wp\/v2\/comments?post=9117"}],"version-history":[{"count":1,"href":"https:\/\/www.wellongpack.com\/de\/wp-json\/wp\/v2\/product\/9117\/revisions"}],"predecessor-version":[{"id":9121,"href":"https:\/\/www.wellongpack.com\/de\/wp-json\/wp\/v2\/product\/9117\/revisions\/9121"}],"wp:featuredmedia":[{"embeddable":true,"href":"https:\/\/www.wellongpack.com\/de\/wp-json\/wp\/v2\/media\/9118"}],"wp:attachment":[{"href":"https:\/\/www.wellongpack.com\/de\/wp-json\/wp\/v2\/media?parent=9117"}],"wp:term":[{"taxonomy":"product_cat","embeddable":true,"href":"https:\/\/www.wellongpack.com\/de\/wp-json\/wp\/v2\/product_cat?post=9117"},{"taxonomy":"product_tag","embeddable":true,"href":"https:\/\/www.wellongpack.com\/de\/wp-json\/wp\/v2\/product_tag?post=9117"}],"curies":[{"name":"wp","href":"https:\/\/api.w.org\/{rel}","templated":true}]}}