
{"id":9049,"date":"2023-05-24T09:12:50","date_gmt":"2023-05-24T01:12:50","guid":{"rendered":"http:\/\/75.webs.svipwebs.com\/?post_type=product&#038;p=9049"},"modified":"2023-05-24T09:12:50","modified_gmt":"2023-05-24T01:12:50","slug":"popcorn-pot","status":"publish","type":"product","link":"https:\/\/www.wellongpack.com\/de\/produkt\/popcorn-topf\/","title":{"rendered":"Popcorntopf"},"content":{"rendered":"","protected":false},"excerpt":{"rendered":"<p>Poppen Sie hei\u00dfes und frisches Popcorn an Ihrem Veranstaltungsort und verschicken Sie es mit Ihren G\u00e4sten in diesem Popcorn-Eimer. Dieser Eimer fasst bis zu 85 oz. gepopptes Popcorn, was die perfekte Menge f\u00fcr einen Film oder einen Spaziergang auf Ihrem Jahrmarkt ist. Neben seinem auff\u00e4lligen, stilvollen Design ist er auch praktisch und effizient f\u00fcr die Aufbewahrung und den Transport Ihres butterweichen Popcorns.<\/p>","protected":false},"featured_media":9050,"comment_status":"open","ping_status":"closed","template":"","meta":[],"product_cat":[101],"product_tag":[],"class_list":["post-9049","product","type-product","status-publish","has-post-thumbnail","hentry","product_cat-kraft-paper-pot"],"_links":{"self":[{"href":"https:\/\/www.wellongpack.com\/de\/wp-json\/wp\/v2\/product\/9049","targetHints":{"allow":["GET"]}}],"collection":[{"href":"https:\/\/www.wellongpack.com\/de\/wp-json\/wp\/v2\/product"}],"about":[{"href":"https:\/\/www.wellongpack.com\/de\/wp-json\/wp\/v2\/types\/product"}],"replies":[{"embeddable":true,"href":"https:\/\/www.wellongpack.com\/de\/wp-json\/wp\/v2\/comments?post=9049"}],"version-history":[{"count":1,"href":"https:\/\/www.wellongpack.com\/de\/wp-json\/wp\/v2\/product\/9049\/revisions"}],"predecessor-version":[{"id":9056,"href":"https:\/\/www.wellongpack.com\/de\/wp-json\/wp\/v2\/product\/9049\/revisions\/9056"}],"wp:featuredmedia":[{"embeddable":true,"href":"https:\/\/www.wellongpack.com\/de\/wp-json\/wp\/v2\/media\/9050"}],"wp:attachment":[{"href":"https:\/\/www.wellongpack.com\/de\/wp-json\/wp\/v2\/media?parent=9049"}],"wp:term":[{"taxonomy":"product_cat","embeddable":true,"href":"https:\/\/www.wellongpack.com\/de\/wp-json\/wp\/v2\/product_cat?post=9049"},{"taxonomy":"product_tag","embeddable":true,"href":"https:\/\/www.wellongpack.com\/de\/wp-json\/wp\/v2\/product_tag?post=9049"}],"curies":[{"name":"wp","href":"https:\/\/api.w.org\/{rel}","templated":true}]}}