
{"id":9032,"date":"2023-05-23T17:48:29","date_gmt":"2023-05-23T09:48:29","guid":{"rendered":"http:\/\/75.webs.svipwebs.com\/?post_type=product&#038;p=9032"},"modified":"2023-06-08T14:43:11","modified_gmt":"2023-06-08T06:43:11","slug":"bamboo-paper-rectangular-bowl","status":"publish","type":"product","link":"https:\/\/www.wellongpack.com\/de\/produkt\/bambus-papier-rechteckige-schale\/","title":{"rendered":"Rechteckige Schale aus Bambuspapier"},"content":{"rendered":"","protected":false},"excerpt":{"rendered":"<p>Der rechteckige, mit PE ausgekleidete, mikrowellengeeignete Take-out-Beh\u00e4lter ist ideal f\u00fcr hei\u00dfe und kalte Speisen, Desserts und Beilagen. Die polybeschichtete Innenseite bietet Schutz vor dem Auslaufen von \u00d6l, Fett oder So\u00dfen. Mit dem kompatiblen Deckel (separat erh\u00e4ltlich) bleiben die Speisen beim Transport sicher und gesch\u00fctzt.<\/p>","protected":false},"featured_media":10425,"comment_status":"open","ping_status":"closed","template":"","meta":[],"product_cat":[100],"product_tag":[],"class_list":["post-9032","product","type-product","status-publish","has-post-thumbnail","hentry","product_cat-paper-bowl-and-pot"],"_links":{"self":[{"href":"https:\/\/www.wellongpack.com\/de\/wp-json\/wp\/v2\/product\/9032","targetHints":{"allow":["GET"]}}],"collection":[{"href":"https:\/\/www.wellongpack.com\/de\/wp-json\/wp\/v2\/product"}],"about":[{"href":"https:\/\/www.wellongpack.com\/de\/wp-json\/wp\/v2\/types\/product"}],"replies":[{"embeddable":true,"href":"https:\/\/www.wellongpack.com\/de\/wp-json\/wp\/v2\/comments?post=9032"}],"version-history":[{"count":1,"href":"https:\/\/www.wellongpack.com\/de\/wp-json\/wp\/v2\/product\/9032\/revisions"}],"predecessor-version":[{"id":9034,"href":"https:\/\/www.wellongpack.com\/de\/wp-json\/wp\/v2\/product\/9032\/revisions\/9034"}],"wp:featuredmedia":[{"embeddable":true,"href":"https:\/\/www.wellongpack.com\/de\/wp-json\/wp\/v2\/media\/10425"}],"wp:attachment":[{"href":"https:\/\/www.wellongpack.com\/de\/wp-json\/wp\/v2\/media?parent=9032"}],"wp:term":[{"taxonomy":"product_cat","embeddable":true,"href":"https:\/\/www.wellongpack.com\/de\/wp-json\/wp\/v2\/product_cat?post=9032"},{"taxonomy":"product_tag","embeddable":true,"href":"https:\/\/www.wellongpack.com\/de\/wp-json\/wp\/v2\/product_tag?post=9032"}],"curies":[{"name":"wp","href":"https:\/\/api.w.org\/{rel}","templated":true}]}}