
{"id":9026,"date":"2023-05-23T17:47:44","date_gmt":"2023-05-23T09:47:44","guid":{"rendered":"http:\/\/75.webs.svipwebs.com\/?post_type=product&#038;p=9026"},"modified":"2023-05-23T17:47:44","modified_gmt":"2023-05-23T09:47:44","slug":"bamboo-paper-pot","status":"publish","type":"product","link":"https:\/\/www.wellongpack.com\/de\/produkt\/bambus-papier-topf-2\/","title":{"rendered":"Bambuspapier Topf"},"content":{"rendered":"","protected":false},"excerpt":{"rendered":"<p>In diesem Beh\u00e4lter k\u00f6nnen Sie alles servieren, von Suppen und Eint\u00f6pfen bis hin zu Ihren beliebtesten warmen Beilagen und ged\u00fcnstetem Gem\u00fcse. Er ist sogar f\u00fcr kalte Speisen wie Eis, Joghurt und Sorbet geeignet!<\/p>","protected":false},"featured_media":9027,"comment_status":"open","ping_status":"closed","template":"","meta":[],"product_cat":[100],"product_tag":[],"class_list":["post-9026","product","type-product","status-publish","has-post-thumbnail","hentry","product_cat-paper-bowl-and-pot"],"_links":{"self":[{"href":"https:\/\/www.wellongpack.com\/de\/wp-json\/wp\/v2\/product\/9026","targetHints":{"allow":["GET"]}}],"collection":[{"href":"https:\/\/www.wellongpack.com\/de\/wp-json\/wp\/v2\/product"}],"about":[{"href":"https:\/\/www.wellongpack.com\/de\/wp-json\/wp\/v2\/types\/product"}],"replies":[{"embeddable":true,"href":"https:\/\/www.wellongpack.com\/de\/wp-json\/wp\/v2\/comments?post=9026"}],"version-history":[{"count":1,"href":"https:\/\/www.wellongpack.com\/de\/wp-json\/wp\/v2\/product\/9026\/revisions"}],"predecessor-version":[{"id":9031,"href":"https:\/\/www.wellongpack.com\/de\/wp-json\/wp\/v2\/product\/9026\/revisions\/9031"}],"wp:featuredmedia":[{"embeddable":true,"href":"https:\/\/www.wellongpack.com\/de\/wp-json\/wp\/v2\/media\/9027"}],"wp:attachment":[{"href":"https:\/\/www.wellongpack.com\/de\/wp-json\/wp\/v2\/media?parent=9026"}],"wp:term":[{"taxonomy":"product_cat","embeddable":true,"href":"https:\/\/www.wellongpack.com\/de\/wp-json\/wp\/v2\/product_cat?post=9026"},{"taxonomy":"product_tag","embeddable":true,"href":"https:\/\/www.wellongpack.com\/de\/wp-json\/wp\/v2\/product_tag?post=9026"}],"curies":[{"name":"wp","href":"https:\/\/api.w.org\/{rel}","templated":true}]}}