
{"id":9012,"date":"2023-05-23T17:15:22","date_gmt":"2023-05-23T09:15:22","guid":{"rendered":"http:\/\/75.webs.svipwebs.com\/?post_type=product&#038;p=9012"},"modified":"2023-05-23T17:15:23","modified_gmt":"2023-05-23T09:15:23","slug":"sugarcane-meat-tray","status":"publish","type":"product","link":"https:\/\/www.wellongpack.com\/de\/produkt\/sugarcane-meat-tray\/","title":{"rendered":"Zuckerrohr-Fleischschale"},"content":{"rendered":"","protected":false},"excerpt":{"rendered":"<p>Diese Bagasse-Fleischschale ist auslaufsicher und verf\u00fcgt \u00fcber eine biobasierte Auskleidung, die das Auslaufen von Lebensmitteln verhindert und sie frisch h\u00e4lt. Sie ist haltbar genug, um einer Vielzahl von Fleischsorten und Konsistenzen standzuhalten, und l\u00e4sst sich dennoch bequem entsorgen. Diese umweltfreundliche Schale eignet sich hervorragend f\u00fcr Feinkostl\u00e4den, Lebensmittelgesch\u00e4fte und Restaurants zum Mitnehmen und tr\u00e4gt dazu bei, den CO2-Fu\u00dfabdruck Ihrer Einrichtung zu verringern.<\/p>","protected":false},"featured_media":9013,"comment_status":"open","ping_status":"closed","template":"","meta":[],"product_cat":[98],"product_tag":[],"class_list":["post-9012","product","type-product","status-publish","has-post-thumbnail","hentry","product_cat-bagasse-tray"],"_links":{"self":[{"href":"https:\/\/www.wellongpack.com\/de\/wp-json\/wp\/v2\/product\/9012","targetHints":{"allow":["GET"]}}],"collection":[{"href":"https:\/\/www.wellongpack.com\/de\/wp-json\/wp\/v2\/product"}],"about":[{"href":"https:\/\/www.wellongpack.com\/de\/wp-json\/wp\/v2\/types\/product"}],"replies":[{"embeddable":true,"href":"https:\/\/www.wellongpack.com\/de\/wp-json\/wp\/v2\/comments?post=9012"}],"version-history":[{"count":1,"href":"https:\/\/www.wellongpack.com\/de\/wp-json\/wp\/v2\/product\/9012\/revisions"}],"predecessor-version":[{"id":9017,"href":"https:\/\/www.wellongpack.com\/de\/wp-json\/wp\/v2\/product\/9012\/revisions\/9017"}],"wp:featuredmedia":[{"embeddable":true,"href":"https:\/\/www.wellongpack.com\/de\/wp-json\/wp\/v2\/media\/9013"}],"wp:attachment":[{"href":"https:\/\/www.wellongpack.com\/de\/wp-json\/wp\/v2\/media?parent=9012"}],"wp:term":[{"taxonomy":"product_cat","embeddable":true,"href":"https:\/\/www.wellongpack.com\/de\/wp-json\/wp\/v2\/product_cat?post=9012"},{"taxonomy":"product_tag","embeddable":true,"href":"https:\/\/www.wellongpack.com\/de\/wp-json\/wp\/v2\/product_tag?post=9012"}],"curies":[{"name":"wp","href":"https:\/\/api.w.org\/{rel}","templated":true}]}}