
{"id":8930,"date":"2023-05-23T17:01:41","date_gmt":"2023-05-23T09:01:41","guid":{"rendered":"http:\/\/75.webs.svipwebs.com\/?post_type=product&#038;p=8930"},"modified":"2023-05-23T17:01:42","modified_gmt":"2023-05-23T09:01:42","slug":"soup-cup","status":"publish","type":"product","link":"https:\/\/www.wellongpack.com\/de\/produkt\/suppentasse\/","title":{"rendered":"Suppentasse"},"content":{"rendered":"","protected":false},"excerpt":{"rendered":"<p>Dieser Einweg-Suppenbecher aus Bagasse eignet sich sowohl f\u00fcr hei\u00dfe als auch f\u00fcr kalte Speisen und ist die ideale L\u00f6sung f\u00fcr Imbissbuden, Sandwichshops und Restaurants, die Dips, So\u00dfen und andere Gew\u00fcrze anbieten.<\/p>","protected":false},"featured_media":8931,"comment_status":"open","ping_status":"closed","template":"","meta":[],"product_cat":[96],"product_tag":[],"class_list":["post-8930","product","type-product","status-publish","has-post-thumbnail","hentry","product_cat-bagasse-cup-and-lids"],"_links":{"self":[{"href":"https:\/\/www.wellongpack.com\/de\/wp-json\/wp\/v2\/product\/8930","targetHints":{"allow":["GET"]}}],"collection":[{"href":"https:\/\/www.wellongpack.com\/de\/wp-json\/wp\/v2\/product"}],"about":[{"href":"https:\/\/www.wellongpack.com\/de\/wp-json\/wp\/v2\/types\/product"}],"replies":[{"embeddable":true,"href":"https:\/\/www.wellongpack.com\/de\/wp-json\/wp\/v2\/comments?post=8930"}],"version-history":[{"count":1,"href":"https:\/\/www.wellongpack.com\/de\/wp-json\/wp\/v2\/product\/8930\/revisions"}],"predecessor-version":[{"id":8936,"href":"https:\/\/www.wellongpack.com\/de\/wp-json\/wp\/v2\/product\/8930\/revisions\/8936"}],"wp:featuredmedia":[{"embeddable":true,"href":"https:\/\/www.wellongpack.com\/de\/wp-json\/wp\/v2\/media\/8931"}],"wp:attachment":[{"href":"https:\/\/www.wellongpack.com\/de\/wp-json\/wp\/v2\/media?parent=8930"}],"wp:term":[{"taxonomy":"product_cat","embeddable":true,"href":"https:\/\/www.wellongpack.com\/de\/wp-json\/wp\/v2\/product_cat?post=8930"},{"taxonomy":"product_tag","embeddable":true,"href":"https:\/\/www.wellongpack.com\/de\/wp-json\/wp\/v2\/product_tag?post=8930"}],"curies":[{"name":"wp","href":"https:\/\/api.w.org\/{rel}","templated":true}]}}