
{"id":8911,"date":"2023-05-23T16:48:31","date_gmt":"2023-05-23T08:48:31","guid":{"rendered":"http:\/\/75.webs.svipwebs.com\/?post_type=product&#038;p=8911"},"modified":"2023-05-23T16:48:33","modified_gmt":"2023-05-23T08:48:33","slug":"lids","status":"publish","type":"product","link":"https:\/\/www.wellongpack.com\/de\/produkt\/deckel\/","title":{"rendered":"Deckel"},"content":{"rendered":"","protected":false},"excerpt":{"rendered":"<p>Diese\u00a0<strong><b>Deckel von Zuckerrohrbechern<\/b><\/strong>\u00a0sind im Handel kompostierbar und biologisch abbaubar, was die Reinigung vereinfacht und die Umwelt schont. Diese kompostierbaren Deckel mit wei\u00dfer Oberfl\u00e4che und flachem Design sind auslaufsicher und lassen sich leicht auf Bagasse-Becher auf- und abstecken, um unsch\u00f6nes Versch\u00fctten zu verhindern.<\/p>","protected":false},"featured_media":8912,"comment_status":"open","ping_status":"closed","template":"","meta":[],"product_cat":[96],"product_tag":[],"class_list":["post-8911","product","type-product","status-publish","has-post-thumbnail","hentry","product_cat-bagasse-cup-and-lids"],"_links":{"self":[{"href":"https:\/\/www.wellongpack.com\/de\/wp-json\/wp\/v2\/product\/8911","targetHints":{"allow":["GET"]}}],"collection":[{"href":"https:\/\/www.wellongpack.com\/de\/wp-json\/wp\/v2\/product"}],"about":[{"href":"https:\/\/www.wellongpack.com\/de\/wp-json\/wp\/v2\/types\/product"}],"replies":[{"embeddable":true,"href":"https:\/\/www.wellongpack.com\/de\/wp-json\/wp\/v2\/comments?post=8911"}],"version-history":[{"count":1,"href":"https:\/\/www.wellongpack.com\/de\/wp-json\/wp\/v2\/product\/8911\/revisions"}],"predecessor-version":[{"id":8920,"href":"https:\/\/www.wellongpack.com\/de\/wp-json\/wp\/v2\/product\/8911\/revisions\/8920"}],"wp:featuredmedia":[{"embeddable":true,"href":"https:\/\/www.wellongpack.com\/de\/wp-json\/wp\/v2\/media\/8912"}],"wp:attachment":[{"href":"https:\/\/www.wellongpack.com\/de\/wp-json\/wp\/v2\/media?parent=8911"}],"wp:term":[{"taxonomy":"product_cat","embeddable":true,"href":"https:\/\/www.wellongpack.com\/de\/wp-json\/wp\/v2\/product_cat?post=8911"},{"taxonomy":"product_tag","embeddable":true,"href":"https:\/\/www.wellongpack.com\/de\/wp-json\/wp\/v2\/product_tag?post=8911"}],"curies":[{"name":"wp","href":"https:\/\/api.w.org\/{rel}","templated":true}]}}