
{"id":8905,"date":"2023-05-23T16:47:11","date_gmt":"2023-05-23T08:47:11","guid":{"rendered":"http:\/\/75.webs.svipwebs.com\/?post_type=product&#038;p=8905"},"modified":"2023-05-23T16:47:11","modified_gmt":"2023-05-23T08:47:11","slug":"coffee-cup-holder","status":"publish","type":"product","link":"https:\/\/www.wellongpack.com\/de\/produkt\/kaffeetassen-halter\/","title":{"rendered":"Kaffeetassenhalter"},"content":{"rendered":"","protected":false},"excerpt":{"rendered":"<p>Dieser Bechertr\u00e4ger eignet sich perfekt f\u00fcr eine Vielzahl von Take-Out-Anwendungen. Er verf\u00fcgt \u00fcber ein robustes Design mit mehreren F\u00e4chern und bietet Platz f\u00fcr bis zu vier Becher mit einer Gr\u00f6\u00dfe von 12-24 Unzen. Er eignet sich sowohl f\u00fcr hei\u00dfe als auch f\u00fcr kalte Getr\u00e4nke und erm\u00f6glicht einen einfachen, kleckerfreien Transport von Getr\u00e4nken.<\/p>","protected":false},"featured_media":8906,"comment_status":"open","ping_status":"closed","template":"","meta":[],"product_cat":[96],"product_tag":[],"class_list":["post-8905","product","type-product","status-publish","has-post-thumbnail","hentry","product_cat-bagasse-cup-and-lids"],"_links":{"self":[{"href":"https:\/\/www.wellongpack.com\/de\/wp-json\/wp\/v2\/product\/8905","targetHints":{"allow":["GET"]}}],"collection":[{"href":"https:\/\/www.wellongpack.com\/de\/wp-json\/wp\/v2\/product"}],"about":[{"href":"https:\/\/www.wellongpack.com\/de\/wp-json\/wp\/v2\/types\/product"}],"replies":[{"embeddable":true,"href":"https:\/\/www.wellongpack.com\/de\/wp-json\/wp\/v2\/comments?post=8905"}],"version-history":[{"count":1,"href":"https:\/\/www.wellongpack.com\/de\/wp-json\/wp\/v2\/product\/8905\/revisions"}],"predecessor-version":[{"id":8910,"href":"https:\/\/www.wellongpack.com\/de\/wp-json\/wp\/v2\/product\/8905\/revisions\/8910"}],"wp:featuredmedia":[{"embeddable":true,"href":"https:\/\/www.wellongpack.com\/de\/wp-json\/wp\/v2\/media\/8906"}],"wp:attachment":[{"href":"https:\/\/www.wellongpack.com\/de\/wp-json\/wp\/v2\/media?parent=8905"}],"wp:term":[{"taxonomy":"product_cat","embeddable":true,"href":"https:\/\/www.wellongpack.com\/de\/wp-json\/wp\/v2\/product_cat?post=8905"},{"taxonomy":"product_tag","embeddable":true,"href":"https:\/\/www.wellongpack.com\/de\/wp-json\/wp\/v2\/product_tag?post=8905"}],"curies":[{"name":"wp","href":"https:\/\/api.w.org\/{rel}","templated":true}]}}