
{"id":8898,"date":"2023-05-23T16:46:13","date_gmt":"2023-05-23T08:46:13","guid":{"rendered":"http:\/\/75.webs.svipwebs.com\/?post_type=product&#038;p=8898"},"modified":"2023-05-23T16:46:13","modified_gmt":"2023-05-23T08:46:13","slug":"coffee-cup","status":"publish","type":"product","link":"https:\/\/www.wellongpack.com\/de\/produkt\/kaffeetasse-2\/","title":{"rendered":"Kaffeetasse"},"content":{"rendered":"","protected":false},"excerpt":{"rendered":"<p><a href=\"https:\/\/www.craftecopack.com\/sugarcane-cup_c22\"><strong><b>Zuckerrohr-Bagasse-Becher<\/b><\/strong><\/a>\u00a0ist dicker und h\u00e4rter, der Becher ist haltbarer und l\u00e4sst sich nicht so leicht verformen und erweichen.<br \/>\nDies ist umweltfreundlich und\u00a0<strong><b>biologisch abbaubares Bagasse-Geschirr<\/b><\/strong>geeignet f\u00fcr hei\u00dfe und kalte Getr\u00e4nke, wasserdicht, \u00f6lbest\u00e4ndig und auslaufsicher, kann mit Kaffee, Milch, Tee, Fruchtsaft und abgekochtem Wasser bef\u00fcllt werden.<\/p>","protected":false},"featured_media":8899,"comment_status":"open","ping_status":"closed","template":"","meta":[],"product_cat":[96],"product_tag":[],"class_list":["post-8898","product","type-product","status-publish","has-post-thumbnail","hentry","product_cat-bagasse-cup-and-lids"],"_links":{"self":[{"href":"https:\/\/www.wellongpack.com\/de\/wp-json\/wp\/v2\/product\/8898","targetHints":{"allow":["GET"]}}],"collection":[{"href":"https:\/\/www.wellongpack.com\/de\/wp-json\/wp\/v2\/product"}],"about":[{"href":"https:\/\/www.wellongpack.com\/de\/wp-json\/wp\/v2\/types\/product"}],"replies":[{"embeddable":true,"href":"https:\/\/www.wellongpack.com\/de\/wp-json\/wp\/v2\/comments?post=8898"}],"version-history":[{"count":1,"href":"https:\/\/www.wellongpack.com\/de\/wp-json\/wp\/v2\/product\/8898\/revisions"}],"predecessor-version":[{"id":8904,"href":"https:\/\/www.wellongpack.com\/de\/wp-json\/wp\/v2\/product\/8898\/revisions\/8904"}],"wp:featuredmedia":[{"embeddable":true,"href":"https:\/\/www.wellongpack.com\/de\/wp-json\/wp\/v2\/media\/8899"}],"wp:attachment":[{"href":"https:\/\/www.wellongpack.com\/de\/wp-json\/wp\/v2\/media?parent=8898"}],"wp:term":[{"taxonomy":"product_cat","embeddable":true,"href":"https:\/\/www.wellongpack.com\/de\/wp-json\/wp\/v2\/product_cat?post=8898"},{"taxonomy":"product_tag","embeddable":true,"href":"https:\/\/www.wellongpack.com\/de\/wp-json\/wp\/v2\/product_tag?post=8898"}],"curies":[{"name":"wp","href":"https:\/\/api.w.org\/{rel}","templated":true}]}}