
{"id":8798,"date":"2023-05-23T15:47:52","date_gmt":"2023-05-23T07:47:52","guid":{"rendered":"http:\/\/75.webs.svipwebs.com\/?post_type=product&#038;p=8798"},"modified":"2023-05-23T15:47:54","modified_gmt":"2023-05-23T07:47:54","slug":"round-container","status":"publish","type":"product","link":"https:\/\/www.wellongpack.com\/de\/produkt\/rund-container\/","title":{"rendered":"runder Beh\u00e4lter"},"content":{"rendered":"","protected":false},"excerpt":{"rendered":"<p>Das unglaublich haltbare, schwere Aluminiummaterial ist auslaufsicher und sorgt daf\u00fcr, dass die Speisen auch w\u00e4hrend des Transports in der Pfanne verbleiben. Die Pfanne hat ges\u00e4umte R\u00e4nder, so dass sie mit einem kompatiblen Deckel (separat erh\u00e4ltlich) kombiniert werden kann, um einen sicheren Halt zu gew\u00e4hrleisten.<\/p>","protected":false},"featured_media":8799,"comment_status":"open","ping_status":"closed","template":"","meta":[],"product_cat":[89],"product_tag":[],"class_list":["post-8798","product","type-product","status-publish","has-post-thumbnail","hentry","product_cat-aluminum-foil-container"],"_links":{"self":[{"href":"https:\/\/www.wellongpack.com\/de\/wp-json\/wp\/v2\/product\/8798","targetHints":{"allow":["GET"]}}],"collection":[{"href":"https:\/\/www.wellongpack.com\/de\/wp-json\/wp\/v2\/product"}],"about":[{"href":"https:\/\/www.wellongpack.com\/de\/wp-json\/wp\/v2\/types\/product"}],"replies":[{"embeddable":true,"href":"https:\/\/www.wellongpack.com\/de\/wp-json\/wp\/v2\/comments?post=8798"}],"version-history":[{"count":1,"href":"https:\/\/www.wellongpack.com\/de\/wp-json\/wp\/v2\/product\/8798\/revisions"}],"predecessor-version":[{"id":8805,"href":"https:\/\/www.wellongpack.com\/de\/wp-json\/wp\/v2\/product\/8798\/revisions\/8805"}],"wp:featuredmedia":[{"embeddable":true,"href":"https:\/\/www.wellongpack.com\/de\/wp-json\/wp\/v2\/media\/8799"}],"wp:attachment":[{"href":"https:\/\/www.wellongpack.com\/de\/wp-json\/wp\/v2\/media?parent=8798"}],"wp:term":[{"taxonomy":"product_cat","embeddable":true,"href":"https:\/\/www.wellongpack.com\/de\/wp-json\/wp\/v2\/product_cat?post=8798"},{"taxonomy":"product_tag","embeddable":true,"href":"https:\/\/www.wellongpack.com\/de\/wp-json\/wp\/v2\/product_tag?post=8798"}],"curies":[{"name":"wp","href":"https:\/\/api.w.org\/{rel}","templated":true}]}}