
{"id":10567,"date":"2023-06-09T15:31:25","date_gmt":"2023-06-09T07:31:25","guid":{"rendered":"http:\/\/75.webs.svipwebs.com\/?post_type=product&#038;p=10567"},"modified":"2023-06-09T15:31:25","modified_gmt":"2023-06-09T07:31:25","slug":"inner-box-paper-straw-2","status":"publish","type":"product","link":"https:\/\/www.wellongpack.com\/de\/produkt\/inner-box-paper-straw-2\/","title":{"rendered":"Innenkarton Papier Strohhalm"},"content":{"rendered":"<p>Mit der Einzelverpackung k\u00f6nnen Sie die Strohhalme auf der Theke f\u00fcr Ihre Kunden bereitstellen oder zus\u00e4tzliche Strohhalme in T\u00fcten f\u00fcr den Mitnahmeverkehr stecken. Die zus\u00e4tzliche Hygiene macht es einfach, den Kunden ein sauberes, sicheres Trinkerlebnis zu bieten.<\/p>\n<p><img loading=\"lazy\" decoding=\"async\" class=\"alignnone size-full wp-image-10568\" src=\"https:\/\/www.wellongpack.com\/wp-content\/uploads\/2023\/06\/1-105.jpg\" alt=\"\" width=\"520\" height=\"535\" srcset=\"https:\/\/www.wellongpack.com\/wp-content\/uploads\/2023\/06\/1-105.jpg 520w, https:\/\/www.wellongpack.com\/wp-content\/uploads\/2023\/06\/1-105-430x442.jpg 430w, https:\/\/www.wellongpack.com\/wp-content\/uploads\/2023\/06\/1-105-150x154.jpg 150w, https:\/\/www.wellongpack.com\/wp-content\/uploads\/2023\/06\/1-105-292x300.jpg 292w\" sizes=\"auto, (max-width: 520px) 100vw, 520px\" \/> <img loading=\"lazy\" decoding=\"async\" class=\"alignnone size-full wp-image-10569\" src=\"https:\/\/www.wellongpack.com\/wp-content\/uploads\/2023\/06\/2-99.jpg\" alt=\"\" width=\"562\" height=\"567\" srcset=\"https:\/\/www.wellongpack.com\/wp-content\/uploads\/2023\/06\/2-99.jpg 562w, https:\/\/www.wellongpack.com\/wp-content\/uploads\/2023\/06\/2-99-430x434.jpg 430w, https:\/\/www.wellongpack.com\/wp-content\/uploads\/2023\/06\/2-99-150x150.jpg 150w, https:\/\/www.wellongpack.com\/wp-content\/uploads\/2023\/06\/2-99-297x300.jpg 297w\" sizes=\"auto, (max-width: 562px) 100vw, 562px\" \/> <img loading=\"lazy\" decoding=\"async\" class=\"alignnone size-full wp-image-10570\" src=\"https:\/\/www.wellongpack.com\/wp-content\/uploads\/2023\/06\/3-84.jpg\" alt=\"\" width=\"500\" height=\"480\" srcset=\"https:\/\/www.wellongpack.com\/wp-content\/uploads\/2023\/06\/3-84.jpg 500w, https:\/\/www.wellongpack.com\/wp-content\/uploads\/2023\/06\/3-84-430x413.jpg 430w, https:\/\/www.wellongpack.com\/wp-content\/uploads\/2023\/06\/3-84-150x144.jpg 150w, https:\/\/www.wellongpack.com\/wp-content\/uploads\/2023\/06\/3-84-313x300.jpg 313w\" sizes=\"auto, (max-width: 500px) 100vw, 500px\" \/> <img loading=\"lazy\" decoding=\"async\" class=\"alignnone size-full wp-image-10571\" src=\"https:\/\/www.wellongpack.com\/wp-content\/uploads\/2023\/06\/4-49.jpg\" alt=\"\" width=\"800\" height=\"800\" srcset=\"https:\/\/www.wellongpack.com\/wp-content\/uploads\/2023\/06\/4-49.jpg 800w, https:\/\/www.wellongpack.com\/wp-content\/uploads\/2023\/06\/4-49-430x430.jpg 430w, https:\/\/www.wellongpack.com\/wp-content\/uploads\/2023\/06\/4-49-150x150.jpg 150w, https:\/\/www.wellongpack.com\/wp-content\/uploads\/2023\/06\/4-49-700x700.jpg 700w, https:\/\/www.wellongpack.com\/wp-content\/uploads\/2023\/06\/4-49-300x300.jpg 300w, https:\/\/www.wellongpack.com\/wp-content\/uploads\/2023\/06\/4-49-768x768.jpg 768w\" sizes=\"auto, (max-width: 800px) 100vw, 800px\" \/> <img loading=\"lazy\" decoding=\"async\" class=\"alignnone size-full wp-image-10572\" src=\"https:\/\/www.wellongpack.com\/wp-content\/uploads\/2023\/06\/5-29.jpg\" alt=\"\" width=\"800\" height=\"800\" srcset=\"https:\/\/www.wellongpack.com\/wp-content\/uploads\/2023\/06\/5-29.jpg 800w, https:\/\/www.wellongpack.com\/wp-content\/uploads\/2023\/06\/5-29-430x430.jpg 430w, https:\/\/www.wellongpack.com\/wp-content\/uploads\/2023\/06\/5-29-150x150.jpg 150w, https:\/\/www.wellongpack.com\/wp-content\/uploads\/2023\/06\/5-29-700x700.jpg 700w, https:\/\/www.wellongpack.com\/wp-content\/uploads\/2023\/06\/5-29-300x300.jpg 300w, https:\/\/www.wellongpack.com\/wp-content\/uploads\/2023\/06\/5-29-768x768.jpg 768w\" sizes=\"auto, (max-width: 800px) 100vw, 800px\" \/><\/p>","protected":false},"excerpt":{"rendered":"<p>Made of a special paper, this straw is a great alternative to plastic straws.With individual wrapping, you can set straws<\/p>","protected":false},"featured_media":10568,"comment_status":"open","ping_status":"closed","template":"","meta":[],"product_cat":[70,122,121],"product_tag":[],"class_list":["post-10567","product","type-product","status-publish","has-post-thumbnail","hentry","product_cat-foodservice-packaging","product_cat-paper-straw","product_cat-strawstirrer"],"_links":{"self":[{"href":"https:\/\/www.wellongpack.com\/de\/wp-json\/wp\/v2\/product\/10567","targetHints":{"allow":["GET"]}}],"collection":[{"href":"https:\/\/www.wellongpack.com\/de\/wp-json\/wp\/v2\/product"}],"about":[{"href":"https:\/\/www.wellongpack.com\/de\/wp-json\/wp\/v2\/types\/product"}],"replies":[{"embeddable":true,"href":"https:\/\/www.wellongpack.com\/de\/wp-json\/wp\/v2\/comments?post=10567"}],"version-history":[{"count":1,"href":"https:\/\/www.wellongpack.com\/de\/wp-json\/wp\/v2\/product\/10567\/revisions"}],"predecessor-version":[{"id":10573,"href":"https:\/\/www.wellongpack.com\/de\/wp-json\/wp\/v2\/product\/10567\/revisions\/10573"}],"wp:featuredmedia":[{"embeddable":true,"href":"https:\/\/www.wellongpack.com\/de\/wp-json\/wp\/v2\/media\/10568"}],"wp:attachment":[{"href":"https:\/\/www.wellongpack.com\/de\/wp-json\/wp\/v2\/media?parent=10567"}],"wp:term":[{"taxonomy":"product_cat","embeddable":true,"href":"https:\/\/www.wellongpack.com\/de\/wp-json\/wp\/v2\/product_cat?post=10567"},{"taxonomy":"product_tag","embeddable":true,"href":"https:\/\/www.wellongpack.com\/de\/wp-json\/wp\/v2\/product_tag?post=10567"}],"curies":[{"name":"wp","href":"https:\/\/api.w.org\/{rel}","templated":true}]}}