
{"id":10330,"date":"2023-06-04T17:41:16","date_gmt":"2023-06-04T09:41:16","guid":{"rendered":"http:\/\/75.webs.svipwebs.com\/?post_type=product&#038;p=10330"},"modified":"2023-06-04T17:41:16","modified_gmt":"2023-06-04T09:41:16","slug":"sturdy-safe-coffee-cup-holder-b-2","status":"publish","type":"product","link":"https:\/\/www.wellongpack.com\/de\/produkt\/stabil-sicherer-kaffee-tassen-halter-b-2\/","title":{"rendered":"Stabiler sicherer Kaffeetassenhalter B"},"content":{"rendered":"<p>Dieser Getr\u00e4nketr\u00e4ger eignet sich perfekt f\u00fcr eine Vielzahl von Anwendungen im Au\u00dfer-Haus-Verzehr und erf\u00fcllt mit Sicherheit alle Ihre Anforderungen an hei\u00dfe und kalte Getr\u00e4nke! Mit diesem Getr\u00e4nketr\u00e4ger aus Pappe k\u00f6nnen Kunden und Lieferpersonal mehrere Becher sicher transportieren und sicherstellen, dass alle Getr\u00e4nke ohne Kleckern oder Verschmutzen an ihrem Ziel ankommen.<\/p>\n<p><img loading=\"lazy\" decoding=\"async\" class=\"alignnone size-full wp-image-10331\" src=\"https:\/\/www.wellongpack.com\/wp-content\/uploads\/2023\/06\/1-88.jpg\" alt=\"\" width=\"800\" height=\"800\" srcset=\"https:\/\/www.wellongpack.com\/wp-content\/uploads\/2023\/06\/1-88.jpg 800w, https:\/\/www.wellongpack.com\/wp-content\/uploads\/2023\/06\/1-88-430x430.jpg 430w, https:\/\/www.wellongpack.com\/wp-content\/uploads\/2023\/06\/1-88-150x150.jpg 150w, https:\/\/www.wellongpack.com\/wp-content\/uploads\/2023\/06\/1-88-700x700.jpg 700w, https:\/\/www.wellongpack.com\/wp-content\/uploads\/2023\/06\/1-88-300x300.jpg 300w, https:\/\/www.wellongpack.com\/wp-content\/uploads\/2023\/06\/1-88-768x768.jpg 768w\" sizes=\"auto, (max-width: 800px) 100vw, 800px\" \/> <img loading=\"lazy\" decoding=\"async\" class=\"alignnone size-full wp-image-10332\" src=\"https:\/\/www.wellongpack.com\/wp-content\/uploads\/2023\/06\/2-85.jpg\" alt=\"\" width=\"800\" height=\"800\" srcset=\"https:\/\/www.wellongpack.com\/wp-content\/uploads\/2023\/06\/2-85.jpg 800w, https:\/\/www.wellongpack.com\/wp-content\/uploads\/2023\/06\/2-85-430x430.jpg 430w, https:\/\/www.wellongpack.com\/wp-content\/uploads\/2023\/06\/2-85-150x150.jpg 150w, https:\/\/www.wellongpack.com\/wp-content\/uploads\/2023\/06\/2-85-700x700.jpg 700w, https:\/\/www.wellongpack.com\/wp-content\/uploads\/2023\/06\/2-85-300x300.jpg 300w, https:\/\/www.wellongpack.com\/wp-content\/uploads\/2023\/06\/2-85-768x768.jpg 768w\" sizes=\"auto, (max-width: 800px) 100vw, 800px\" \/> <img loading=\"lazy\" decoding=\"async\" class=\"alignnone size-full wp-image-10333\" src=\"https:\/\/www.wellongpack.com\/wp-content\/uploads\/2023\/06\/3-69.jpg\" alt=\"\" width=\"800\" height=\"800\" srcset=\"https:\/\/www.wellongpack.com\/wp-content\/uploads\/2023\/06\/3-69.jpg 800w, https:\/\/www.wellongpack.com\/wp-content\/uploads\/2023\/06\/3-69-430x430.jpg 430w, https:\/\/www.wellongpack.com\/wp-content\/uploads\/2023\/06\/3-69-150x150.jpg 150w, https:\/\/www.wellongpack.com\/wp-content\/uploads\/2023\/06\/3-69-700x700.jpg 700w, https:\/\/www.wellongpack.com\/wp-content\/uploads\/2023\/06\/3-69-300x300.jpg 300w, https:\/\/www.wellongpack.com\/wp-content\/uploads\/2023\/06\/3-69-768x768.jpg 768w\" sizes=\"auto, (max-width: 800px) 100vw, 800px\" \/><\/p>","protected":false},"excerpt":{"rendered":"<p>Perfect for a variety of take-out applications, this drink carrier is sure to suit all your hot and cold beverage<\/p>","protected":false},"featured_media":10331,"comment_status":"open","ping_status":"closed","template":"","meta":[],"product_cat":[108,70,110,111,109],"product_tag":[],"class_list":["post-10330","product","type-product","status-publish","has-post-thumbnail","hentry","product_cat-cups-and-lids","product_cat-foodservice-packaging","product_cat-paper-cup","product_cat-paper-cup-holder","product_cat-paper-cup-lids"],"_links":{"self":[{"href":"https:\/\/www.wellongpack.com\/de\/wp-json\/wp\/v2\/product\/10330","targetHints":{"allow":["GET"]}}],"collection":[{"href":"https:\/\/www.wellongpack.com\/de\/wp-json\/wp\/v2\/product"}],"about":[{"href":"https:\/\/www.wellongpack.com\/de\/wp-json\/wp\/v2\/types\/product"}],"replies":[{"embeddable":true,"href":"https:\/\/www.wellongpack.com\/de\/wp-json\/wp\/v2\/comments?post=10330"}],"version-history":[{"count":1,"href":"https:\/\/www.wellongpack.com\/de\/wp-json\/wp\/v2\/product\/10330\/revisions"}],"predecessor-version":[{"id":10334,"href":"https:\/\/www.wellongpack.com\/de\/wp-json\/wp\/v2\/product\/10330\/revisions\/10334"}],"wp:featuredmedia":[{"embeddable":true,"href":"https:\/\/www.wellongpack.com\/de\/wp-json\/wp\/v2\/media\/10331"}],"wp:attachment":[{"href":"https:\/\/www.wellongpack.com\/de\/wp-json\/wp\/v2\/media?parent=10330"}],"wp:term":[{"taxonomy":"product_cat","embeddable":true,"href":"https:\/\/www.wellongpack.com\/de\/wp-json\/wp\/v2\/product_cat?post=10330"},{"taxonomy":"product_tag","embeddable":true,"href":"https:\/\/www.wellongpack.com\/de\/wp-json\/wp\/v2\/product_tag?post=10330"}],"curies":[{"name":"wp","href":"https:\/\/api.w.org\/{rel}","templated":true}]}}