
{"id":10011,"date":"2023-06-01T13:44:09","date_gmt":"2023-06-01T05:44:09","guid":{"rendered":"http:\/\/75.webs.svipwebs.com\/?post_type=product&#038;p=10011"},"modified":"2023-06-01T13:44:09","modified_gmt":"2023-06-01T05:44:09","slug":"non-woven-bag-2","status":"publish","type":"product","link":"https:\/\/www.wellongpack.com\/de\/produkt\/vliesstoff-sack-2\/","title":{"rendered":"Nicht gewebte Tasche"},"content":{"rendered":"<p>Unsere wiederverwendbaren Tragetaschen aus Vliesstoff sind die perfekte L\u00f6sung f\u00fcr eine wiederverwendbare Einkaufstasche, eine trendige Einkaufstasche f\u00fcr einen Besuch im Einkaufszentrum oder in Ihren Lieblingsgesch\u00e4ften. Unsere gr\u00f6\u00dferen und haltbareren Taschen sind so vielseitig, dass Sie sie f\u00fcr praktisch alles verwenden k\u00f6nnen.<\/p>\n<p><img loading=\"lazy\" decoding=\"async\" class=\"alignnone size-full wp-image-10012\" src=\"https:\/\/www.wellongpack.com\/wp-content\/uploads\/2023\/06\/1-50.jpg\" alt=\"\" width=\"960\" height=\"960\" srcset=\"https:\/\/www.wellongpack.com\/wp-content\/uploads\/2023\/06\/1-50.jpg 960w, https:\/\/www.wellongpack.com\/wp-content\/uploads\/2023\/06\/1-50-430x430.jpg 430w, https:\/\/www.wellongpack.com\/wp-content\/uploads\/2023\/06\/1-50-150x150.jpg 150w, https:\/\/www.wellongpack.com\/wp-content\/uploads\/2023\/06\/1-50-700x700.jpg 700w, https:\/\/www.wellongpack.com\/wp-content\/uploads\/2023\/06\/1-50-300x300.jpg 300w, https:\/\/www.wellongpack.com\/wp-content\/uploads\/2023\/06\/1-50-800x800.jpg 800w, https:\/\/www.wellongpack.com\/wp-content\/uploads\/2023\/06\/1-50-768x768.jpg 768w, https:\/\/www.wellongpack.com\/wp-content\/uploads\/2023\/06\/1-50-860x860.jpg 860w\" sizes=\"auto, (max-width: 960px) 100vw, 960px\" \/> <img loading=\"lazy\" decoding=\"async\" class=\"alignnone size-full wp-image-10013\" src=\"https:\/\/www.wellongpack.com\/wp-content\/uploads\/2023\/06\/2-50.jpg\" alt=\"\" width=\"474\" height=\"474\" srcset=\"https:\/\/www.wellongpack.com\/wp-content\/uploads\/2023\/06\/2-50.jpg 474w, https:\/\/www.wellongpack.com\/wp-content\/uploads\/2023\/06\/2-50-430x430.jpg 430w, https:\/\/www.wellongpack.com\/wp-content\/uploads\/2023\/06\/2-50-150x150.jpg 150w, https:\/\/www.wellongpack.com\/wp-content\/uploads\/2023\/06\/2-50-300x300.jpg 300w\" sizes=\"auto, (max-width: 474px) 100vw, 474px\" \/> <img loading=\"lazy\" decoding=\"async\" class=\"alignnone size-full wp-image-10014\" src=\"https:\/\/www.wellongpack.com\/wp-content\/uploads\/2023\/06\/3-42.jpg\" alt=\"\" width=\"500\" height=\"469\" srcset=\"https:\/\/www.wellongpack.com\/wp-content\/uploads\/2023\/06\/3-42.jpg 500w, https:\/\/www.wellongpack.com\/wp-content\/uploads\/2023\/06\/3-42-430x403.jpg 430w, https:\/\/www.wellongpack.com\/wp-content\/uploads\/2023\/06\/3-42-150x141.jpg 150w, https:\/\/www.wellongpack.com\/wp-content\/uploads\/2023\/06\/3-42-320x300.jpg 320w\" sizes=\"auto, (max-width: 500px) 100vw, 500px\" \/><\/p>","protected":false},"excerpt":{"rendered":"<p>Our reusable non-woven\u00a0tote bag\u00a0are a perfect solution for a\u00a0reusable grocery bag, a trendy shopping tote for a visit to the<\/p>","protected":false},"featured_media":10012,"comment_status":"open","ping_status":"closed","template":"","meta":[],"product_cat":[124,142],"product_tag":[],"class_list":["post-10011","product","type-product","status-publish","has-post-thumbnail","hentry","product_cat-sustainability-packaging","product_cat-tote-bag"],"_links":{"self":[{"href":"https:\/\/www.wellongpack.com\/de\/wp-json\/wp\/v2\/product\/10011","targetHints":{"allow":["GET"]}}],"collection":[{"href":"https:\/\/www.wellongpack.com\/de\/wp-json\/wp\/v2\/product"}],"about":[{"href":"https:\/\/www.wellongpack.com\/de\/wp-json\/wp\/v2\/types\/product"}],"replies":[{"embeddable":true,"href":"https:\/\/www.wellongpack.com\/de\/wp-json\/wp\/v2\/comments?post=10011"}],"version-history":[{"count":1,"href":"https:\/\/www.wellongpack.com\/de\/wp-json\/wp\/v2\/product\/10011\/revisions"}],"predecessor-version":[{"id":10015,"href":"https:\/\/www.wellongpack.com\/de\/wp-json\/wp\/v2\/product\/10011\/revisions\/10015"}],"wp:featuredmedia":[{"embeddable":true,"href":"https:\/\/www.wellongpack.com\/de\/wp-json\/wp\/v2\/media\/10012"}],"wp:attachment":[{"href":"https:\/\/www.wellongpack.com\/de\/wp-json\/wp\/v2\/media?parent=10011"}],"wp:term":[{"taxonomy":"product_cat","embeddable":true,"href":"https:\/\/www.wellongpack.com\/de\/wp-json\/wp\/v2\/product_cat?post=10011"},{"taxonomy":"product_tag","embeddable":true,"href":"https:\/\/www.wellongpack.com\/de\/wp-json\/wp\/v2\/product_tag?post=10011"}],"curies":[{"name":"wp","href":"https:\/\/api.w.org\/{rel}","templated":true}]}}