
{"id":9816,"date":"2023-06-01T12:58:18","date_gmt":"2023-06-01T04:58:18","guid":{"rendered":"http:\/\/75.webs.svipwebs.com\/?post_type=product&#038;p=9816"},"modified":"2023-06-01T12:58:18","modified_gmt":"2023-06-01T04:58:18","slug":"bamboo-cutting-board","status":"publish","type":"product","link":"https:\/\/www.wellongpack.com\/da\/vare\/bambus-skaerebraet\/","title":{"rendered":"Sk\u00e6rebr\u00e6t af bambus"},"content":{"rendered":"<p>Dette br\u00e6t er lavet af vedvarende bambus og er ideelt til milj\u00f8bevidste virksomheder og arrangementer.det kan bruges som sk\u00e6rebr\u00e6t og som serveringsbr\u00e6t.det er perfekt til b\u00e5de stork\u00f8kkener og cateringfirmaer. Det har et vendbart design, som giver det en endnu l\u00e6ngere levetid, og det kan bruges som holder til standmixere eller k\u00f8dhakkere. N\u00e5r det bruges som sk\u00e6rebr\u00e6t, er det robust nok til at blive brugt med dine st\u00f8rste knive.<\/p>\n<p><img loading=\"lazy\" decoding=\"async\" class=\"alignnone size-full wp-image-9817\" src=\"https:\/\/www.wellongpack.com\/wp-content\/uploads\/2023\/06\/Bamboo-Chopping-Board.jpg\" alt=\"\" width=\"600\" height=\"600\" srcset=\"https:\/\/www.wellongpack.com\/wp-content\/uploads\/2023\/06\/Bamboo-Chopping-Board.jpg 600w, https:\/\/www.wellongpack.com\/wp-content\/uploads\/2023\/06\/Bamboo-Chopping-Board-430x430.jpg 430w, https:\/\/www.wellongpack.com\/wp-content\/uploads\/2023\/06\/Bamboo-Chopping-Board-150x150.jpg 150w, https:\/\/www.wellongpack.com\/wp-content\/uploads\/2023\/06\/Bamboo-Chopping-Board-300x300.jpg 300w\" sizes=\"auto, (max-width: 600px) 100vw, 600px\" \/> <img loading=\"lazy\" decoding=\"async\" class=\"alignnone size-full wp-image-9818\" src=\"https:\/\/www.wellongpack.com\/wp-content\/uploads\/2023\/06\/Bamboo-round-cutting-board.jpg\" alt=\"\" width=\"600\" height=\"600\" srcset=\"https:\/\/www.wellongpack.com\/wp-content\/uploads\/2023\/06\/Bamboo-round-cutting-board.jpg 600w, https:\/\/www.wellongpack.com\/wp-content\/uploads\/2023\/06\/Bamboo-round-cutting-board-430x430.jpg 430w, https:\/\/www.wellongpack.com\/wp-content\/uploads\/2023\/06\/Bamboo-round-cutting-board-150x150.jpg 150w, https:\/\/www.wellongpack.com\/wp-content\/uploads\/2023\/06\/Bamboo-round-cutting-board-300x300.jpg 300w\" sizes=\"auto, (max-width: 600px) 100vw, 600px\" \/> <img loading=\"lazy\" decoding=\"async\" class=\"alignnone size-full wp-image-9819\" src=\"https:\/\/www.wellongpack.com\/wp-content\/uploads\/2023\/06\/facf7f8ac591fe88cb27c89f04b323bf_1213254.jpg\" alt=\"\" width=\"600\" height=\"600\" srcset=\"https:\/\/www.wellongpack.com\/wp-content\/uploads\/2023\/06\/facf7f8ac591fe88cb27c89f04b323bf_1213254.jpg 600w, https:\/\/www.wellongpack.com\/wp-content\/uploads\/2023\/06\/facf7f8ac591fe88cb27c89f04b323bf_1213254-430x430.jpg 430w, https:\/\/www.wellongpack.com\/wp-content\/uploads\/2023\/06\/facf7f8ac591fe88cb27c89f04b323bf_1213254-150x150.jpg 150w, https:\/\/www.wellongpack.com\/wp-content\/uploads\/2023\/06\/facf7f8ac591fe88cb27c89f04b323bf_1213254-300x300.jpg 300w\" sizes=\"auto, (max-width: 600px) 100vw, 600px\" \/><\/p>","protected":false},"excerpt":{"rendered":"<p>Made of renewable bamboo, this board is ideal for eco-conscious establishments and events.it can be used as a chopping board<\/p>","protected":false},"featured_media":9817,"comment_status":"open","ping_status":"closed","template":"","meta":[],"product_cat":[135,124],"product_tag":[],"class_list":["post-9816","product","type-product","status-publish","has-post-thumbnail","hentry","product_cat-bamboo-tableware","product_cat-sustainability-packaging"],"_links":{"self":[{"href":"https:\/\/www.wellongpack.com\/da\/wp-json\/wp\/v2\/product\/9816","targetHints":{"allow":["GET"]}}],"collection":[{"href":"https:\/\/www.wellongpack.com\/da\/wp-json\/wp\/v2\/product"}],"about":[{"href":"https:\/\/www.wellongpack.com\/da\/wp-json\/wp\/v2\/types\/product"}],"replies":[{"embeddable":true,"href":"https:\/\/www.wellongpack.com\/da\/wp-json\/wp\/v2\/comments?post=9816"}],"version-history":[{"count":1,"href":"https:\/\/www.wellongpack.com\/da\/wp-json\/wp\/v2\/product\/9816\/revisions"}],"predecessor-version":[{"id":9820,"href":"https:\/\/www.wellongpack.com\/da\/wp-json\/wp\/v2\/product\/9816\/revisions\/9820"}],"wp:featuredmedia":[{"embeddable":true,"href":"https:\/\/www.wellongpack.com\/da\/wp-json\/wp\/v2\/media\/9817"}],"wp:attachment":[{"href":"https:\/\/www.wellongpack.com\/da\/wp-json\/wp\/v2\/media?parent=9816"}],"wp:term":[{"taxonomy":"product_cat","embeddable":true,"href":"https:\/\/www.wellongpack.com\/da\/wp-json\/wp\/v2\/product_cat?post=9816"},{"taxonomy":"product_tag","embeddable":true,"href":"https:\/\/www.wellongpack.com\/da\/wp-json\/wp\/v2\/product_tag?post=9816"}],"curies":[{"name":"wp","href":"https:\/\/api.w.org\/{rel}","templated":true}]}}