
{"id":9798,"date":"2023-06-01T12:54:12","date_gmt":"2023-06-01T04:54:12","guid":{"rendered":"http:\/\/75.webs.svipwebs.com\/?post_type=product&#038;p=9798"},"modified":"2023-06-01T12:54:13","modified_gmt":"2023-06-01T04:54:13","slug":"bamboo-boat-dish","status":"publish","type":"product","link":"https:\/\/www.wellongpack.com\/da\/vare\/bambus-bad-fad\/","title":{"rendered":"B\u00e5dfad af bambus"},"content":{"rendered":"<p>Dette b\u00e5dfad i bambus er perfekt til servering af salat, forretter, desserter eller frugt ved siden af til udend\u00f8rsarrangementer eller p\u00e5 caf\u00e9er. Perfekt til engangsbrug.<\/p>\n<p><img loading=\"lazy\" decoding=\"async\" class=\"alignnone size-full wp-image-9799\" src=\"https:\/\/www.wellongpack.com\/wp-content\/uploads\/2023\/06\/87bcb07c87ad5a5b5ee2b1f736bab00a_s-l300.jpg\" alt=\"\" width=\"290\" height=\"300\" srcset=\"https:\/\/www.wellongpack.com\/wp-content\/uploads\/2023\/06\/87bcb07c87ad5a5b5ee2b1f736bab00a_s-l300.jpg 290w, https:\/\/www.wellongpack.com\/wp-content\/uploads\/2023\/06\/87bcb07c87ad5a5b5ee2b1f736bab00a_s-l300-150x155.jpg 150w\" sizes=\"auto, (max-width: 290px) 100vw, 290px\" \/> <img loading=\"lazy\" decoding=\"async\" class=\"alignnone size-full wp-image-9800\" src=\"https:\/\/www.wellongpack.com\/wp-content\/uploads\/2023\/06\/57203ae086046740a8cf189959748084_DT3-2_1024x1024_v1496986929.jpg\" alt=\"\" width=\"462\" height=\"289\" srcset=\"https:\/\/www.wellongpack.com\/wp-content\/uploads\/2023\/06\/57203ae086046740a8cf189959748084_DT3-2_1024x1024_v1496986929.jpg 462w, https:\/\/www.wellongpack.com\/wp-content\/uploads\/2023\/06\/57203ae086046740a8cf189959748084_DT3-2_1024x1024_v1496986929-430x269.jpg 430w, https:\/\/www.wellongpack.com\/wp-content\/uploads\/2023\/06\/57203ae086046740a8cf189959748084_DT3-2_1024x1024_v1496986929-150x94.jpg 150w, https:\/\/www.wellongpack.com\/wp-content\/uploads\/2023\/06\/57203ae086046740a8cf189959748084_DT3-2_1024x1024_v1496986929-400x250.jpg 400w\" sizes=\"auto, (max-width: 462px) 100vw, 462px\" \/><\/p>","protected":false},"excerpt":{"rendered":"<p>This Bamboo boat dish is perfect for serving salad sides, appetizers, desserts, or fruit on the side in your outdoor<\/p>","protected":false},"featured_media":9799,"comment_status":"open","ping_status":"closed","template":"","meta":[],"product_cat":[135,124],"product_tag":[],"class_list":["post-9798","product","type-product","status-publish","has-post-thumbnail","hentry","product_cat-bamboo-tableware","product_cat-sustainability-packaging"],"_links":{"self":[{"href":"https:\/\/www.wellongpack.com\/da\/wp-json\/wp\/v2\/product\/9798","targetHints":{"allow":["GET"]}}],"collection":[{"href":"https:\/\/www.wellongpack.com\/da\/wp-json\/wp\/v2\/product"}],"about":[{"href":"https:\/\/www.wellongpack.com\/da\/wp-json\/wp\/v2\/types\/product"}],"replies":[{"embeddable":true,"href":"https:\/\/www.wellongpack.com\/da\/wp-json\/wp\/v2\/comments?post=9798"}],"version-history":[{"count":1,"href":"https:\/\/www.wellongpack.com\/da\/wp-json\/wp\/v2\/product\/9798\/revisions"}],"predecessor-version":[{"id":9801,"href":"https:\/\/www.wellongpack.com\/da\/wp-json\/wp\/v2\/product\/9798\/revisions\/9801"}],"wp:featuredmedia":[{"embeddable":true,"href":"https:\/\/www.wellongpack.com\/da\/wp-json\/wp\/v2\/media\/9799"}],"wp:attachment":[{"href":"https:\/\/www.wellongpack.com\/da\/wp-json\/wp\/v2\/media?parent=9798"}],"wp:term":[{"taxonomy":"product_cat","embeddable":true,"href":"https:\/\/www.wellongpack.com\/da\/wp-json\/wp\/v2\/product_cat?post=9798"},{"taxonomy":"product_tag","embeddable":true,"href":"https:\/\/www.wellongpack.com\/da\/wp-json\/wp\/v2\/product_tag?post=9798"}],"curies":[{"name":"wp","href":"https:\/\/api.w.org\/{rel}","templated":true}]}}