
{"id":9737,"date":"2023-06-01T12:36:30","date_gmt":"2023-06-01T04:36:30","guid":{"rendered":"http:\/\/75.webs.svipwebs.com\/?post_type=product&#038;p=9737"},"modified":"2023-06-01T12:36:30","modified_gmt":"2023-06-01T04:36:30","slug":"round-plate-2","status":"publish","type":"product","link":"https:\/\/www.wellongpack.com\/da\/vare\/rund-plade-2\/","title":{"rendered":"rund plade"},"content":{"rendered":"<p>Denne sukkerr\u00f8rs-\/bagassetallerken fylder mindre end andre engangsalternativer, og den kan rumme tungere mad end b\u00e5de papir og styropor. Og da den kr\u00e6ver meget mindre energi at producere, sparer den p\u00e5 b\u00e5de energi og ressourcer. Med en lys hvid farve passer denne tallerken til n\u00e6sten enhver restaurantindretning og -tema, samtidig med at den skaber et rent og friskt l\u00e6rred til enhver type mad.<\/p>\n<p><img loading=\"lazy\" decoding=\"async\" class=\"alignnone size-full wp-image-9738\" src=\"https:\/\/www.wellongpack.com\/wp-content\/uploads\/2023\/06\/1-25.jpg\" alt=\"\" width=\"960\" height=\"960\" srcset=\"https:\/\/www.wellongpack.com\/wp-content\/uploads\/2023\/06\/1-25.jpg 960w, https:\/\/www.wellongpack.com\/wp-content\/uploads\/2023\/06\/1-25-430x430.jpg 430w, https:\/\/www.wellongpack.com\/wp-content\/uploads\/2023\/06\/1-25-150x150.jpg 150w, https:\/\/www.wellongpack.com\/wp-content\/uploads\/2023\/06\/1-25-700x700.jpg 700w, https:\/\/www.wellongpack.com\/wp-content\/uploads\/2023\/06\/1-25-300x300.jpg 300w, https:\/\/www.wellongpack.com\/wp-content\/uploads\/2023\/06\/1-25-800x800.jpg 800w, https:\/\/www.wellongpack.com\/wp-content\/uploads\/2023\/06\/1-25-768x768.jpg 768w, https:\/\/www.wellongpack.com\/wp-content\/uploads\/2023\/06\/1-25-860x860.jpg 860w\" sizes=\"auto, (max-width: 960px) 100vw, 960px\" \/> <img loading=\"lazy\" decoding=\"async\" class=\"alignnone size-full wp-image-9739\" src=\"https:\/\/www.wellongpack.com\/wp-content\/uploads\/2023\/06\/2-22.jpg\" alt=\"\" width=\"960\" height=\"960\" srcset=\"https:\/\/www.wellongpack.com\/wp-content\/uploads\/2023\/06\/2-22.jpg 960w, https:\/\/www.wellongpack.com\/wp-content\/uploads\/2023\/06\/2-22-430x430.jpg 430w, https:\/\/www.wellongpack.com\/wp-content\/uploads\/2023\/06\/2-22-150x150.jpg 150w, https:\/\/www.wellongpack.com\/wp-content\/uploads\/2023\/06\/2-22-700x700.jpg 700w, https:\/\/www.wellongpack.com\/wp-content\/uploads\/2023\/06\/2-22-300x300.jpg 300w, https:\/\/www.wellongpack.com\/wp-content\/uploads\/2023\/06\/2-22-800x800.jpg 800w, https:\/\/www.wellongpack.com\/wp-content\/uploads\/2023\/06\/2-22-768x768.jpg 768w, https:\/\/www.wellongpack.com\/wp-content\/uploads\/2023\/06\/2-22-860x860.jpg 860w\" sizes=\"auto, (max-width: 960px) 100vw, 960px\" \/> <img loading=\"lazy\" decoding=\"async\" class=\"alignnone size-full wp-image-9740\" src=\"https:\/\/www.wellongpack.com\/wp-content\/uploads\/2023\/06\/3-17.jpg\" alt=\"\" width=\"960\" height=\"960\" srcset=\"https:\/\/www.wellongpack.com\/wp-content\/uploads\/2023\/06\/3-17.jpg 960w, https:\/\/www.wellongpack.com\/wp-content\/uploads\/2023\/06\/3-17-430x430.jpg 430w, https:\/\/www.wellongpack.com\/wp-content\/uploads\/2023\/06\/3-17-150x150.jpg 150w, https:\/\/www.wellongpack.com\/wp-content\/uploads\/2023\/06\/3-17-700x700.jpg 700w, https:\/\/www.wellongpack.com\/wp-content\/uploads\/2023\/06\/3-17-300x300.jpg 300w, https:\/\/www.wellongpack.com\/wp-content\/uploads\/2023\/06\/3-17-800x800.jpg 800w, https:\/\/www.wellongpack.com\/wp-content\/uploads\/2023\/06\/3-17-768x768.jpg 768w, https:\/\/www.wellongpack.com\/wp-content\/uploads\/2023\/06\/3-17-860x860.jpg 860w\" sizes=\"auto, (max-width: 960px) 100vw, 960px\" \/> <img loading=\"lazy\" decoding=\"async\" class=\"alignnone size-full wp-image-9741\" src=\"https:\/\/www.wellongpack.com\/wp-content\/uploads\/2023\/06\/4-13.jpg\" alt=\"\" width=\"960\" height=\"960\" srcset=\"https:\/\/www.wellongpack.com\/wp-content\/uploads\/2023\/06\/4-13.jpg 960w, https:\/\/www.wellongpack.com\/wp-content\/uploads\/2023\/06\/4-13-430x430.jpg 430w, https:\/\/www.wellongpack.com\/wp-content\/uploads\/2023\/06\/4-13-150x150.jpg 150w, https:\/\/www.wellongpack.com\/wp-content\/uploads\/2023\/06\/4-13-700x700.jpg 700w, https:\/\/www.wellongpack.com\/wp-content\/uploads\/2023\/06\/4-13-300x300.jpg 300w, https:\/\/www.wellongpack.com\/wp-content\/uploads\/2023\/06\/4-13-800x800.jpg 800w, https:\/\/www.wellongpack.com\/wp-content\/uploads\/2023\/06\/4-13-768x768.jpg 768w, https:\/\/www.wellongpack.com\/wp-content\/uploads\/2023\/06\/4-13-860x860.jpg 860w\" sizes=\"auto, (max-width: 960px) 100vw, 960px\" \/> <img loading=\"lazy\" decoding=\"async\" class=\"alignnone size-full wp-image-9742\" src=\"https:\/\/www.wellongpack.com\/wp-content\/uploads\/2023\/06\/5-8.jpg\" alt=\"\" width=\"960\" height=\"960\" srcset=\"https:\/\/www.wellongpack.com\/wp-content\/uploads\/2023\/06\/5-8.jpg 960w, https:\/\/www.wellongpack.com\/wp-content\/uploads\/2023\/06\/5-8-430x430.jpg 430w, https:\/\/www.wellongpack.com\/wp-content\/uploads\/2023\/06\/5-8-150x150.jpg 150w, https:\/\/www.wellongpack.com\/wp-content\/uploads\/2023\/06\/5-8-700x700.jpg 700w, https:\/\/www.wellongpack.com\/wp-content\/uploads\/2023\/06\/5-8-300x300.jpg 300w, https:\/\/www.wellongpack.com\/wp-content\/uploads\/2023\/06\/5-8-800x800.jpg 800w, https:\/\/www.wellongpack.com\/wp-content\/uploads\/2023\/06\/5-8-768x768.jpg 768w, https:\/\/www.wellongpack.com\/wp-content\/uploads\/2023\/06\/5-8-860x860.jpg 860w\" sizes=\"auto, (max-width: 960px) 100vw, 960px\" \/><\/p>","protected":false},"excerpt":{"rendered":"<p>This sugarcane \/ bagasse Plate\u00a0takes up less storage space than other disposable alternatives, and it can hold heavier foods than<\/p>","protected":false},"featured_media":9738,"comment_status":"open","ping_status":"closed","template":"","meta":[],"product_cat":[131,125,124],"product_tag":[],"class_list":["post-9737","product","type-product","status-publish","has-post-thumbnail","hentry","product_cat-bagasse-plate-bagassesugarcane-products-sustainability-packaging","product_cat-bagassesugarcane-products-sustainability-packaging","product_cat-sustainability-packaging"],"_links":{"self":[{"href":"https:\/\/www.wellongpack.com\/da\/wp-json\/wp\/v2\/product\/9737","targetHints":{"allow":["GET"]}}],"collection":[{"href":"https:\/\/www.wellongpack.com\/da\/wp-json\/wp\/v2\/product"}],"about":[{"href":"https:\/\/www.wellongpack.com\/da\/wp-json\/wp\/v2\/types\/product"}],"replies":[{"embeddable":true,"href":"https:\/\/www.wellongpack.com\/da\/wp-json\/wp\/v2\/comments?post=9737"}],"version-history":[{"count":1,"href":"https:\/\/www.wellongpack.com\/da\/wp-json\/wp\/v2\/product\/9737\/revisions"}],"predecessor-version":[{"id":9743,"href":"https:\/\/www.wellongpack.com\/da\/wp-json\/wp\/v2\/product\/9737\/revisions\/9743"}],"wp:featuredmedia":[{"embeddable":true,"href":"https:\/\/www.wellongpack.com\/da\/wp-json\/wp\/v2\/media\/9738"}],"wp:attachment":[{"href":"https:\/\/www.wellongpack.com\/da\/wp-json\/wp\/v2\/media?parent=9737"}],"wp:term":[{"taxonomy":"product_cat","embeddable":true,"href":"https:\/\/www.wellongpack.com\/da\/wp-json\/wp\/v2\/product_cat?post=9737"},{"taxonomy":"product_tag","embeddable":true,"href":"https:\/\/www.wellongpack.com\/da\/wp-json\/wp\/v2\/product_tag?post=9737"}],"curies":[{"name":"wp","href":"https:\/\/api.w.org\/{rel}","templated":true}]}}