
{"id":9398,"date":"2023-05-24T10:34:06","date_gmt":"2023-05-24T02:34:06","guid":{"rendered":"http:\/\/75.webs.svipwebs.com\/?post_type=product&#038;p=9398"},"modified":"2023-05-24T10:34:06","modified_gmt":"2023-05-24T02:34:06","slug":"flat-paper-bag","status":"publish","type":"product","link":"https:\/\/www.wellongpack.com\/da\/vare\/flad-papir-pose\/","title":{"rendered":"flad papirspose"},"content":{"rendered":"","protected":false},"excerpt":{"rendered":"<p>Denne papirspose er en nem m\u00e5de at transportere din signatur-friture eller bagv\u00e6rk p\u00e5. Den er endda sikker til varm mad lige fra frituren! Denne pose er fantastisk til servering af alt fra fastfood som pommes frites, l\u00f8gringe og mozzarella-sticks til et udvalg af bagv\u00e6rk som doughnuts, muffins og bagels.<\/p>","protected":false},"featured_media":9399,"comment_status":"open","ping_status":"closed","template":"","meta":[],"product_cat":[117],"product_tag":[],"class_list":["post-9398","product","type-product","status-publish","has-post-thumbnail","hentry","product_cat-paper-bag"],"_links":{"self":[{"href":"https:\/\/www.wellongpack.com\/da\/wp-json\/wp\/v2\/product\/9398","targetHints":{"allow":["GET"]}}],"collection":[{"href":"https:\/\/www.wellongpack.com\/da\/wp-json\/wp\/v2\/product"}],"about":[{"href":"https:\/\/www.wellongpack.com\/da\/wp-json\/wp\/v2\/types\/product"}],"replies":[{"embeddable":true,"href":"https:\/\/www.wellongpack.com\/da\/wp-json\/wp\/v2\/comments?post=9398"}],"version-history":[{"count":1,"href":"https:\/\/www.wellongpack.com\/da\/wp-json\/wp\/v2\/product\/9398\/revisions"}],"predecessor-version":[{"id":9402,"href":"https:\/\/www.wellongpack.com\/da\/wp-json\/wp\/v2\/product\/9398\/revisions\/9402"}],"wp:featuredmedia":[{"embeddable":true,"href":"https:\/\/www.wellongpack.com\/da\/wp-json\/wp\/v2\/media\/9399"}],"wp:attachment":[{"href":"https:\/\/www.wellongpack.com\/da\/wp-json\/wp\/v2\/media?parent=9398"}],"wp:term":[{"taxonomy":"product_cat","embeddable":true,"href":"https:\/\/www.wellongpack.com\/da\/wp-json\/wp\/v2\/product_cat?post=9398"},{"taxonomy":"product_tag","embeddable":true,"href":"https:\/\/www.wellongpack.com\/da\/wp-json\/wp\/v2\/product_tag?post=9398"}],"curies":[{"name":"wp","href":"https:\/\/api.w.org\/{rel}","templated":true}]}}