
{"id":9292,"date":"2023-05-24T10:04:07","date_gmt":"2023-05-24T02:04:07","guid":{"rendered":"http:\/\/75.webs.svipwebs.com\/?post_type=product&#038;p=9292"},"modified":"2023-05-24T10:04:07","modified_gmt":"2023-05-24T02:04:07","slug":"pet-sauce-cup","status":"publish","type":"product","link":"https:\/\/www.wellongpack.com\/da\/vare\/kaeledyr-sovs-kop\/","title":{"rendered":"PET-sauceb\u00e6ger"},"content":{"rendered":"","protected":false},"excerpt":{"rendered":"<p>Fremstillet af holdbart PET\/RPET, den krystalklare plastkonstruktion giver dette engangsservice et eksklusivt udseende og hj\u00e6lper med at \u00f8ge impulssalget af alle dine t\u00f8rstslukkende drikkevarer.<\/p>","protected":false},"featured_media":9293,"comment_status":"open","ping_status":"closed","template":"","meta":[],"product_cat":[112],"product_tag":[],"class_list":["post-9292","product","type-product","status-publish","has-post-thumbnail","hentry","product_cat-pet-cup--lids"],"_links":{"self":[{"href":"https:\/\/www.wellongpack.com\/da\/wp-json\/wp\/v2\/product\/9292","targetHints":{"allow":["GET"]}}],"collection":[{"href":"https:\/\/www.wellongpack.com\/da\/wp-json\/wp\/v2\/product"}],"about":[{"href":"https:\/\/www.wellongpack.com\/da\/wp-json\/wp\/v2\/types\/product"}],"replies":[{"embeddable":true,"href":"https:\/\/www.wellongpack.com\/da\/wp-json\/wp\/v2\/comments?post=9292"}],"version-history":[{"count":1,"href":"https:\/\/www.wellongpack.com\/da\/wp-json\/wp\/v2\/product\/9292\/revisions"}],"predecessor-version":[{"id":9297,"href":"https:\/\/www.wellongpack.com\/da\/wp-json\/wp\/v2\/product\/9292\/revisions\/9297"}],"wp:featuredmedia":[{"embeddable":true,"href":"https:\/\/www.wellongpack.com\/da\/wp-json\/wp\/v2\/media\/9293"}],"wp:attachment":[{"href":"https:\/\/www.wellongpack.com\/da\/wp-json\/wp\/v2\/media?parent=9292"}],"wp:term":[{"taxonomy":"product_cat","embeddable":true,"href":"https:\/\/www.wellongpack.com\/da\/wp-json\/wp\/v2\/product_cat?post=9292"},{"taxonomy":"product_tag","embeddable":true,"href":"https:\/\/www.wellongpack.com\/da\/wp-json\/wp\/v2\/product_tag?post=9292"}],"curies":[{"name":"wp","href":"https:\/\/api.w.org\/{rel}","templated":true}]}}