
{"id":9174,"date":"2023-05-24T09:43:21","date_gmt":"2023-05-24T01:43:21","guid":{"rendered":"http:\/\/75.webs.svipwebs.com\/?post_type=product&#038;p=9174"},"modified":"2023-05-24T09:43:21","modified_gmt":"2023-05-24T01:43:21","slug":"kraft-paper-tray-with-sealing","status":"publish","type":"product","link":"https:\/\/www.wellongpack.com\/da\/vare\/kraft-papir-bakke-med-forsegling\/","title":{"rendered":"kraftpapirbakke med forsegling"},"content":{"rendered":"","protected":false},"excerpt":{"rendered":"<p>Bakken er alsidig i b\u00e5de design og brug, og den er perfekt til pommes frites, chicken tenders, mozzarella sticks og andre popul\u00e6re friturestegte favoritter. Den er endda god til kolde ting som gr\u00f8ntsager, frugt og pastasalat!<\/p>","protected":false},"featured_media":9175,"comment_status":"open","ping_status":"closed","template":"","meta":[],"product_cat":[107],"product_tag":[],"class_list":["post-9174","product","type-product","status-publish","has-post-thumbnail","hentry","product_cat-paper-tray"],"_links":{"self":[{"href":"https:\/\/www.wellongpack.com\/da\/wp-json\/wp\/v2\/product\/9174","targetHints":{"allow":["GET"]}}],"collection":[{"href":"https:\/\/www.wellongpack.com\/da\/wp-json\/wp\/v2\/product"}],"about":[{"href":"https:\/\/www.wellongpack.com\/da\/wp-json\/wp\/v2\/types\/product"}],"replies":[{"embeddable":true,"href":"https:\/\/www.wellongpack.com\/da\/wp-json\/wp\/v2\/comments?post=9174"}],"version-history":[{"count":1,"href":"https:\/\/www.wellongpack.com\/da\/wp-json\/wp\/v2\/product\/9174\/revisions"}],"predecessor-version":[{"id":9179,"href":"https:\/\/www.wellongpack.com\/da\/wp-json\/wp\/v2\/product\/9174\/revisions\/9179"}],"wp:featuredmedia":[{"embeddable":true,"href":"https:\/\/www.wellongpack.com\/da\/wp-json\/wp\/v2\/media\/9175"}],"wp:attachment":[{"href":"https:\/\/www.wellongpack.com\/da\/wp-json\/wp\/v2\/media?parent=9174"}],"wp:term":[{"taxonomy":"product_cat","embeddable":true,"href":"https:\/\/www.wellongpack.com\/da\/wp-json\/wp\/v2\/product_cat?post=9174"},{"taxonomy":"product_tag","embeddable":true,"href":"https:\/\/www.wellongpack.com\/da\/wp-json\/wp\/v2\/product_tag?post=9174"}],"curies":[{"name":"wp","href":"https:\/\/api.w.org\/{rel}","templated":true}]}}