
{"id":9065,"date":"2023-05-24T09:15:09","date_gmt":"2023-05-24T01:15:09","guid":{"rendered":"http:\/\/75.webs.svipwebs.com\/?post_type=product&#038;p=9065"},"modified":"2023-05-24T09:15:10","modified_gmt":"2023-05-24T01:15:10","slug":"kraft-paper-rectangular-bowl","status":"publish","type":"product","link":"https:\/\/www.wellongpack.com\/da\/vare\/kraft-papir-rektangulaer-skal\/","title":{"rendered":"Rektangul\u00e6r sk\u00e5l af kraftpapir"},"content":{"rendered":"","protected":false},"excerpt":{"rendered":"<p>Rektangul\u00e6r kraft PE-foret takeaway-beholder til mikroovn er ideel til varm og kold mad, desserter og tilbeh\u00f8r. Den er fremstillet med en polycoatet inderside, som beskytter mod l\u00e6kager fra olie, fedt eller saucer. Det kompatible l\u00e5g (s\u00e6lges separat) holder maden sikker og beskyttet under transport.<\/p>","protected":false},"featured_media":9066,"comment_status":"open","ping_status":"closed","template":"","meta":[],"product_cat":[100],"product_tag":[],"class_list":["post-9065","product","type-product","status-publish","has-post-thumbnail","hentry","product_cat-paper-bowl-and-pot"],"_links":{"self":[{"href":"https:\/\/www.wellongpack.com\/da\/wp-json\/wp\/v2\/product\/9065","targetHints":{"allow":["GET"]}}],"collection":[{"href":"https:\/\/www.wellongpack.com\/da\/wp-json\/wp\/v2\/product"}],"about":[{"href":"https:\/\/www.wellongpack.com\/da\/wp-json\/wp\/v2\/types\/product"}],"replies":[{"embeddable":true,"href":"https:\/\/www.wellongpack.com\/da\/wp-json\/wp\/v2\/comments?post=9065"}],"version-history":[{"count":1,"href":"https:\/\/www.wellongpack.com\/da\/wp-json\/wp\/v2\/product\/9065\/revisions"}],"predecessor-version":[{"id":9072,"href":"https:\/\/www.wellongpack.com\/da\/wp-json\/wp\/v2\/product\/9065\/revisions\/9072"}],"wp:featuredmedia":[{"embeddable":true,"href":"https:\/\/www.wellongpack.com\/da\/wp-json\/wp\/v2\/media\/9066"}],"wp:attachment":[{"href":"https:\/\/www.wellongpack.com\/da\/wp-json\/wp\/v2\/media?parent=9065"}],"wp:term":[{"taxonomy":"product_cat","embeddable":true,"href":"https:\/\/www.wellongpack.com\/da\/wp-json\/wp\/v2\/product_cat?post=9065"},{"taxonomy":"product_tag","embeddable":true,"href":"https:\/\/www.wellongpack.com\/da\/wp-json\/wp\/v2\/product_tag?post=9065"}],"curies":[{"name":"wp","href":"https:\/\/api.w.org\/{rel}","templated":true}]}}