
{"id":9002,"date":"2023-05-23T17:13:24","date_gmt":"2023-05-23T09:13:24","guid":{"rendered":"http:\/\/75.webs.svipwebs.com\/?post_type=product&#038;p=9002"},"modified":"2023-05-23T17:13:24","modified_gmt":"2023-05-23T09:13:24","slug":"bagasse-meat-tray","status":"publish","type":"product","link":"https:\/\/www.wellongpack.com\/da\/vare\/bagasse-kod-bakke\/","title":{"rendered":"Bagasse K\u00f8dbakke"},"content":{"rendered":"","protected":false},"excerpt":{"rendered":"<p>Denne Bagasse-k\u00f8dbakke har et gennembl\u00f8dningssikkert design med en biobaseret liner, der forhindrer l\u00e6kage og holder maden frisk. Den er holdbar nok til at kunne holde til en r\u00e6kke forskellige k\u00f8dtyper og konsistenser, samtidig med at den er praktisk til engangsbrug. Denne milj\u00f8venlige bakke er perfekt til delikatesseforretninger, supermarkeder og takeaway-restauranter og hj\u00e6lper med at reducere din virksomheds CO2-fodaftryk.<\/p>","protected":false},"featured_media":9003,"comment_status":"open","ping_status":"closed","template":"","meta":[],"product_cat":[98],"product_tag":[],"class_list":["post-9002","product","type-product","status-publish","has-post-thumbnail","hentry","product_cat-bagasse-tray"],"_links":{"self":[{"href":"https:\/\/www.wellongpack.com\/da\/wp-json\/wp\/v2\/product\/9002","targetHints":{"allow":["GET"]}}],"collection":[{"href":"https:\/\/www.wellongpack.com\/da\/wp-json\/wp\/v2\/product"}],"about":[{"href":"https:\/\/www.wellongpack.com\/da\/wp-json\/wp\/v2\/types\/product"}],"replies":[{"embeddable":true,"href":"https:\/\/www.wellongpack.com\/da\/wp-json\/wp\/v2\/comments?post=9002"}],"version-history":[{"count":1,"href":"https:\/\/www.wellongpack.com\/da\/wp-json\/wp\/v2\/product\/9002\/revisions"}],"predecessor-version":[{"id":9006,"href":"https:\/\/www.wellongpack.com\/da\/wp-json\/wp\/v2\/product\/9002\/revisions\/9006"}],"wp:featuredmedia":[{"embeddable":true,"href":"https:\/\/www.wellongpack.com\/da\/wp-json\/wp\/v2\/media\/9003"}],"wp:attachment":[{"href":"https:\/\/www.wellongpack.com\/da\/wp-json\/wp\/v2\/media?parent=9002"}],"wp:term":[{"taxonomy":"product_cat","embeddable":true,"href":"https:\/\/www.wellongpack.com\/da\/wp-json\/wp\/v2\/product_cat?post=9002"},{"taxonomy":"product_tag","embeddable":true,"href":"https:\/\/www.wellongpack.com\/da\/wp-json\/wp\/v2\/product_tag?post=9002"}],"curies":[{"name":"wp","href":"https:\/\/api.w.org\/{rel}","templated":true}]}}