
{"id":8990,"date":"2023-05-23T17:11:41","date_gmt":"2023-05-23T09:11:41","guid":{"rendered":"http:\/\/75.webs.svipwebs.com\/?post_type=product&#038;p=8990"},"modified":"2023-05-23T17:11:42","modified_gmt":"2023-05-23T09:11:42","slug":"5-compartment-bagasse-tray","status":"publish","type":"product","link":"https:\/\/www.wellongpack.com\/da\/vare\/5-rums-bagasse-bakke\/","title":{"rendered":"Bagassebakke med 5 rum"},"content":{"rendered":"","protected":false},"excerpt":{"rendered":"<p>Denne bakke er lavet af sukkerr\u00f8rsbagasse og er perfekt til restauranter, cateringfirmaer og sandwichbutikker, der serverer alt fra varme forretter til kolde salater. B\u00e6r nemt dit m\u00e5ltid gennem et cafeteria eller en spisesal, mens du ogs\u00e5 tager et skridt i retning af at blive gr\u00f8n med denne milj\u00f8m\u00e6ssigt smarte l\u00f8sning!<\/p>","protected":false},"featured_media":8991,"comment_status":"open","ping_status":"closed","template":"","meta":[],"product_cat":[98],"product_tag":[],"class_list":["post-8990","product","type-product","status-publish","has-post-thumbnail","hentry","product_cat-bagasse-tray"],"_links":{"self":[{"href":"https:\/\/www.wellongpack.com\/da\/wp-json\/wp\/v2\/product\/8990","targetHints":{"allow":["GET"]}}],"collection":[{"href":"https:\/\/www.wellongpack.com\/da\/wp-json\/wp\/v2\/product"}],"about":[{"href":"https:\/\/www.wellongpack.com\/da\/wp-json\/wp\/v2\/types\/product"}],"replies":[{"embeddable":true,"href":"https:\/\/www.wellongpack.com\/da\/wp-json\/wp\/v2\/comments?post=8990"}],"version-history":[{"count":1,"href":"https:\/\/www.wellongpack.com\/da\/wp-json\/wp\/v2\/product\/8990\/revisions"}],"predecessor-version":[{"id":8995,"href":"https:\/\/www.wellongpack.com\/da\/wp-json\/wp\/v2\/product\/8990\/revisions\/8995"}],"wp:featuredmedia":[{"embeddable":true,"href":"https:\/\/www.wellongpack.com\/da\/wp-json\/wp\/v2\/media\/8991"}],"wp:attachment":[{"href":"https:\/\/www.wellongpack.com\/da\/wp-json\/wp\/v2\/media?parent=8990"}],"wp:term":[{"taxonomy":"product_cat","embeddable":true,"href":"https:\/\/www.wellongpack.com\/da\/wp-json\/wp\/v2\/product_cat?post=8990"},{"taxonomy":"product_tag","embeddable":true,"href":"https:\/\/www.wellongpack.com\/da\/wp-json\/wp\/v2\/product_tag?post=8990"}],"curies":[{"name":"wp","href":"https:\/\/api.w.org\/{rel}","templated":true}]}}