
{"id":8921,"date":"2023-05-23T17:00:34","date_gmt":"2023-05-23T09:00:34","guid":{"rendered":"http:\/\/75.webs.svipwebs.com\/?post_type=product&#038;p=8921"},"modified":"2023-05-23T17:00:34","modified_gmt":"2023-05-23T09:00:34","slug":"sauce-cup","status":"publish","type":"product","link":"https:\/\/www.wellongpack.com\/da\/vare\/sauce-kop\/","title":{"rendered":"Saucekop"},"content":{"rendered":"","protected":false},"excerpt":{"rendered":"<p>Dette engangsb\u00e6ger til Bagasse-sauce er designet til at indeholde b\u00e5de varme og kolde varer og er en ideel l\u00f8sning til kiosker, sandwichbutikker og restauranter, der tilbyder dip, saucer og andre krydderier.<\/p>","protected":false},"featured_media":8922,"comment_status":"open","ping_status":"closed","template":"","meta":[],"product_cat":[96],"product_tag":[],"class_list":["post-8921","product","type-product","status-publish","has-post-thumbnail","hentry","product_cat-bagasse-cup-and-lids"],"_links":{"self":[{"href":"https:\/\/www.wellongpack.com\/da\/wp-json\/wp\/v2\/product\/8921","targetHints":{"allow":["GET"]}}],"collection":[{"href":"https:\/\/www.wellongpack.com\/da\/wp-json\/wp\/v2\/product"}],"about":[{"href":"https:\/\/www.wellongpack.com\/da\/wp-json\/wp\/v2\/types\/product"}],"replies":[{"embeddable":true,"href":"https:\/\/www.wellongpack.com\/da\/wp-json\/wp\/v2\/comments?post=8921"}],"version-history":[{"count":1,"href":"https:\/\/www.wellongpack.com\/da\/wp-json\/wp\/v2\/product\/8921\/revisions"}],"predecessor-version":[{"id":8929,"href":"https:\/\/www.wellongpack.com\/da\/wp-json\/wp\/v2\/product\/8921\/revisions\/8929"}],"wp:featuredmedia":[{"embeddable":true,"href":"https:\/\/www.wellongpack.com\/da\/wp-json\/wp\/v2\/media\/8922"}],"wp:attachment":[{"href":"https:\/\/www.wellongpack.com\/da\/wp-json\/wp\/v2\/media?parent=8921"}],"wp:term":[{"taxonomy":"product_cat","embeddable":true,"href":"https:\/\/www.wellongpack.com\/da\/wp-json\/wp\/v2\/product_cat?post=8921"},{"taxonomy":"product_tag","embeddable":true,"href":"https:\/\/www.wellongpack.com\/da\/wp-json\/wp\/v2\/product_tag?post=8921"}],"curies":[{"name":"wp","href":"https:\/\/api.w.org\/{rel}","templated":true}]}}