
{"id":8812,"date":"2023-05-23T15:56:38","date_gmt":"2023-05-23T07:56:38","guid":{"rendered":"http:\/\/75.webs.svipwebs.com\/?post_type=product&#038;p=8812"},"modified":"2023-05-23T15:56:40","modified_gmt":"2023-05-23T07:56:40","slug":"aluminum-foil-roll","status":"publish","type":"product","link":"https:\/\/www.wellongpack.com\/da\/vare\/aluminium-folie-rulle\/","title":{"rendered":"Rulle af aluminiumsfolie"},"content":{"rendered":"","protected":false},"excerpt":{"rendered":"<p>Folien er pakket i en praktisk cutter-box dispenser og er perfekt til brug i stork\u00f8kkener. Tr\u00e6k hurtigt og nemt den \u00f8nskede m\u00e6ngde folie ud, og riv den af ved forsigtigt at tr\u00e6kke ned over bladets t\u00e6nder. G\u00f8r den daglige forberedelse og oprydning til en leg for dit k\u00f8kkenpersonale med denne Choice food service heavy duty aluminiumsfolierulle.<\/p>","protected":false},"featured_media":8813,"comment_status":"open","ping_status":"closed","template":"","meta":[],"product_cat":[88],"product_tag":[],"class_list":["post-8812","product","type-product","status-publish","has-post-thumbnail","hentry","product_cat-aluminium-foil-containertrayroll"],"_links":{"self":[{"href":"https:\/\/www.wellongpack.com\/da\/wp-json\/wp\/v2\/product\/8812","targetHints":{"allow":["GET"]}}],"collection":[{"href":"https:\/\/www.wellongpack.com\/da\/wp-json\/wp\/v2\/product"}],"about":[{"href":"https:\/\/www.wellongpack.com\/da\/wp-json\/wp\/v2\/types\/product"}],"replies":[{"embeddable":true,"href":"https:\/\/www.wellongpack.com\/da\/wp-json\/wp\/v2\/comments?post=8812"}],"version-history":[{"count":1,"href":"https:\/\/www.wellongpack.com\/da\/wp-json\/wp\/v2\/product\/8812\/revisions"}],"predecessor-version":[{"id":8819,"href":"https:\/\/www.wellongpack.com\/da\/wp-json\/wp\/v2\/product\/8812\/revisions\/8819"}],"wp:featuredmedia":[{"embeddable":true,"href":"https:\/\/www.wellongpack.com\/da\/wp-json\/wp\/v2\/media\/8813"}],"wp:attachment":[{"href":"https:\/\/www.wellongpack.com\/da\/wp-json\/wp\/v2\/media?parent=8812"}],"wp:term":[{"taxonomy":"product_cat","embeddable":true,"href":"https:\/\/www.wellongpack.com\/da\/wp-json\/wp\/v2\/product_cat?post=8812"},{"taxonomy":"product_tag","embeddable":true,"href":"https:\/\/www.wellongpack.com\/da\/wp-json\/wp\/v2\/product_tag?post=8812"}],"curies":[{"name":"wp","href":"https:\/\/api.w.org\/{rel}","templated":true}]}}